{"id":18217,"date":"2022-02-01T16:01:52","date_gmt":"2022-02-01T14:01:52","guid":{"rendered":"https:\/\/omegacrmconsulting.com\/politica-de-privacidad\/"},"modified":"2025-03-17T11:01:04","modified_gmt":"2025-03-17T09:01:04","slug":"politica-de-privacidad","status":"publish","type":"page","link":"https:\/\/omegacrmconsulting.com\/fr\/politique-de-confidentialite\/","title":{"rendered":"Politique de confidentialit\u00e9"},"content":{"rendered":"<section class=\"l-section wpb_row height_large\"><div class=\"l-section-h i-cf\"><div class=\"g-cols vc_row via_flex valign_top type_default stacking_default\"><div class=\"vc_col-sm-12 wpb_column vc_column_container\"><div class=\"vc_column-inner\"><div class=\"wpb_wrapper\">[vc_custom_heading text=\u00a0\u00bbPolitique g\u00e9n\u00e9rale de confidentialit\u00e9\u00a0\u00bb font_container=\u00a0\u00bbtag:h1|text_align:left\u00a0\u00bb use_theme_fonts=\u00a0\u00bbyes\u00a0\u00bb css=\u00a0\u00bb%7B%22default%22%3A%7B%22font-weight%22%3A%22400%22%7D%7D\u00a0\u00bb]<div class=\"wpb_text_column\"><div class=\"wpb_wrapper\"><p><strong>1. INFORMATIONS SUR L&rsquo;UTILISATEUR<\/strong><\/p>\n<p><strong>Omega CRM Consulting, S.L.U.<\/strong> est responsable du traitement des donn\u00e9es personnelles de l&rsquo;Utilisateur et vous informe que ces donn\u00e9es seront trait\u00e9es conform\u00e9ment aux dispositions du <em><strong>R\u00e8glement (UE) 2016\/679 du 27 avril 2016 (RGPD) sur la protection des personnes physiques et de la loi organique 3\/2018 du 5 d\u00e9cembre (LOPDGDD),<\/strong><\/em> en ce qui concerne le traitement des donn\u00e9es personnelles et la libre circulation de ces donn\u00e9es, raison pour laquelle les informations de traitement suivantes vous sont fournies :<\/p>\n<p><strong>Finalit\u00e9 du traitement:<\/strong><\/p>\n<ul>\n<li>Traiter les commandes, les demandes, les requ\u00eates ou tout type de demande faite par l&rsquo;utilisateur par le biais de l&rsquo;un des formulaires de contact mis \u00e0 sa disposition.<\/li>\n<li>En ce qui concerne la publication des donn\u00e9es personnelles dans les blogs et les r\u00e9seaux sociaux qui peuvent partager ce site web, les donn\u00e9es personnelles peuvent \u00eatre trait\u00e9es dans l&rsquo;id\u00e9e de r\u00e9pondre aux commentaires et d&rsquo;am\u00e9liorer nos services. La politique de confidentialit\u00e9 est celle d\u00e9finie par les entit\u00e9s responsables de ces sites. Nous ne sommes pas responsables des informations personnelles que chaque utilisateur peut publier.<\/li>\n<li>Gestion et mod\u00e9ration des commentaires post\u00e9s sur le poste.<\/li>\n<li>Maintenir une relation d&rsquo;envoi de publicit\u00e9s et de communications commerciales sur nos services. Si vous ne souhaitez pas la recevoir, veuillez nous envoyer un courriel \u00e0 l&rsquo;adresse suivante: <a href=\"mailto:info@omegacrmconsulting.com\">info@omegacrmconsulting.com<\/a> en indiquant \u00ab\u00a0No Publi\u00a0\u00bb dans l&rsquo;objet.<\/li>\n<li>En ce qui concerne les informations fournies au moyen du formulaire publi\u00e9 sur le site web ou celles contenues dans les CV re\u00e7us, elles pourront \u00eatre utilis\u00e9es dans le cadre des processus de s\u00e9lection du personnel, en effectuant une analyse du profil du candidat dans le but de s\u00e9lectionner le meilleur candidat pour le poste que nous proposons. Les CV seront conserv\u00e9s pendant une p\u00e9riode maximale d&rsquo;un an, apr\u00e8s quoi ils seront supprim\u00e9s, en garantissant le respect total de la confidentialit\u00e9 tant dans le traitement que dans leur destruction ult\u00e9rieure. En ce sens, apr\u00e8s cette p\u00e9riode, si vous souhaitez continuer \u00e0 participer aux processus de s\u00e9lection, veuillez nous renvoyer votre CV.<\/li>\n<li><strong> Crit\u00e8res de conservation des donn\u00e9es:<\/strong> les donn\u00e9es seront conserv\u00e9es aussi longtemps qu&rsquo;il y aura un int\u00e9r\u00eat mutuel \u00e0 maintenir la finalit\u00e9 du traitement et lorsqu&rsquo;elles ne seront plus n\u00e9cessaires \u00e0 cette finalit\u00e9, elles seront supprim\u00e9es avec des mesures de s\u00e9curit\u00e9 appropri\u00e9es pour assurer la pseudonymisation des donn\u00e9es.<\/li>\n<\/ul>\n<p><strong>Droits de l&rsquo;utilisateur:<\/strong><\/p>\n<ul>\n<li><strong>L\u00e9gitimation:<\/strong> elle se base sur le consentement demand\u00e9 par le biais de la case d&rsquo;acceptation correspondante. La base l\u00e9gitime de la collecte de votre curriculum est le contrat de pr\u00e9-embauche.<\/li>\n<li><strong>Communication des donn\u00e9es:<\/strong> les d\u00e9veloppeurs web et la soci\u00e9t\u00e9 qui nous h\u00e9berge sur leurs serveurs auront acc\u00e8s \u00e0 ces donn\u00e9es. Ils ont tous convenu avec nous d&rsquo;acc\u00e9der \u00e0 ces donn\u00e9es exclusivement dans le but d\u00e9crit ici.<\/li>\n<li><strong>Droit de retirer le consentement \u00e0 tout moment. Droit d&rsquo;opposition et de portabilit\u00e9 des donn\u00e9es personnelles.<\/strong> La personne concern\u00e9e a le droit de recevoir les donn\u00e9es \u00e0 caract\u00e8re personnel la concernant qu&rsquo;elle a fournies \u00e0 un responsable du traitement, \u00e0 condition que le traitement soit fond\u00e9 sur le consentement ou soit n\u00e9cessaire \u00e0 l&rsquo;ex\u00e9cution d&rsquo;un contrat et qu&rsquo;il soit effectu\u00e9 par des moyens automatis\u00e9s.<\/li>\n<li><strong>Droit d&rsquo;acc\u00e8s:<\/strong> la personne concern\u00e9e a le droit de demander et d&rsquo;obtenir, gratuitement, des informations sur les donn\u00e9es \u00e0 caract\u00e8re personnel la concernant qui font l&rsquo;objet d&rsquo;un traitement, sur l&rsquo;origine de ces donn\u00e9es, ainsi que sur les communications faites ou pr\u00e9vues de ces donn\u00e9es. Lorsque la personne concern\u00e9e soumet la demande par voie \u00e9lectronique, et sauf demande contraire de la personne concern\u00e9e, les informations sont fournies dans un format \u00e9lectronique commun\u00e9ment utilis\u00e9. Le droit d&rsquo;obtenir une copie ne doit pas porter atteinte aux droits et libert\u00e9s d&rsquo;autrui.<\/li>\n<li><strong>Droit de rectification et d&rsquo;effacement:<\/strong> le responsable du traitement est tenu de donner effet au droit de rectification ou d&rsquo;effacement de la personne concern\u00e9e dans un d\u00e9lai de dix jours. Les donn\u00e9es \u00e0 caract\u00e8re personnel dont le traitement n&rsquo;est pas conforme aux dispositions de la loi sont rectifi\u00e9es ou effac\u00e9es, selon le cas, et en particulier, lorsque ces donn\u00e9es sont inexactes et incompl\u00e8tes, la personne concern\u00e9e a le droit d&rsquo;obtenir sans retard excessif la rectification des donn\u00e9es \u00e0 caract\u00e8re personnel inexactes la concernant. La personne concern\u00e9e a le droit de faire compl\u00e9ter des donn\u00e9es personnelles incompl\u00e8tes, y compris par une d\u00e9claration suppl\u00e9mentaire.<\/li>\n<li><strong>Droit \u00e0 la limitation du traitement:<\/strong> la personne concern\u00e9e a le droit d&rsquo;obtenir du responsable du traitement la limitation du traitement des donn\u00e9es. Lorsque le traitement des donn\u00e9es \u00e0 caract\u00e8re personnel a \u00e9t\u00e9 limit\u00e9, elles ne peuvent \u00eatre trait\u00e9es que dans le but de leur conservation, avec le consentement de la personne concern\u00e9e, pour la constatation, l&rsquo;exercice ou la d\u00e9fense de droits, pour la protection des droits d&rsquo;une autre personne physique ou morale ou pour des raisons d&rsquo;int\u00e9r\u00eat public. Toute personne concern\u00e9e qui a obtenu la limitation du traitement est inform\u00e9e par le responsable du traitement avant la lev\u00e9e de la limitation.<\/li>\n<li><strong>Droit d&rsquo;opposition:<\/strong> la personne concern\u00e9e a le droit de s&rsquo;opposer \u00e0 tout moment, pour des raisons tenant \u00e0 sa situation particuli\u00e8re, au traitement des donn\u00e9es \u00e0 caract\u00e8re personnel la concernant (int\u00e9r\u00eat public et int\u00e9r\u00eat l\u00e9gitime), y compris le profilage sur la base de ces dispositions. Le responsable du traitement cesse de traiter les donn\u00e9es \u00e0 caract\u00e8re personnel, \u00e0 moins qu&rsquo;il n&rsquo;\u00e9tablisse des motifs l\u00e9gitimes imp\u00e9rieux pour le traitement qui pr\u00e9valent sur les int\u00e9r\u00eats, les droits et les libert\u00e9s de la personne concern\u00e9e, ou pour la constatation, l&rsquo;exercice ou la d\u00e9fense de droits.<\/li>\n<li><strong>Le droit d&rsquo;introduire une plainte aupr\u00e8s de l&rsquo;autorit\u00e9 de contr\u00f4le si vous n&rsquo;avez pas obtenu satisfaction dans l&rsquo;exercice de vos droits,<\/strong> dans ce cas, aupr\u00e8s de l&rsquo;Agence espagnole de protection des donn\u00e9es <a href=\"http:\/\/www.aepd.es\">www.aepd.es<\/a><\/li>\n<li><strong>Coordonn\u00e9es pour exercer vos droits ou contacter le d\u00e9l\u00e9gu\u00e9 \u00e0 la protection des donn\u00e9es:<\/strong>\n<ul>\n<li>Adresse postale: Direcci\u00f3n postal: Avenida del General Per\u00f3n 40, portal B, planta 3, 28020 \u2013 Madrid<\/li>\n<li>Email: <a href=\"mailto:dpo.spain@dentsu.com\">dpo.spain@dentsu.com<\/a><\/li>\n<\/ul>\n<\/li>\n<\/ul>\n<p><strong>2. CARACT\u00c8RE OBLIGATOIRE OU FACULTATIF DES INFORMATIONS FOURNIES PAR L&rsquo;UTILISATE<\/strong>UR<\/p>\n<p>Les utilisateurs, en cochant les cases correspondantes et en saisissant les donn\u00e9es dans les champs du formulaire de contact ou pr\u00e9sent\u00e9s dans les formulaires de t\u00e9l\u00e9chargement, acceptent express\u00e9ment et librement et sans \u00e9quivoque que leurs donn\u00e9es sont n\u00e9cessaires pour r\u00e9pondre \u00e0 votre demande par le fournisseur, \u00e9tant volontaire l&rsquo;inclusion de donn\u00e9es dans les champs restants.<\/p>\n<p>L&rsquo;utilisateur garantit que les donn\u00e9es personnelles fournies au responsable sont v\u00e9ridiques et est responsable de la communication de toute modification de celles-ci.<\/p>\n<p>Le responsable du traitement informe et garantit express\u00e9ment aux utilisateurs que leurs donn\u00e9es personnelles ne seront en aucun cas c\u00e9d\u00e9es \u00e0 des tiers, et que chaque fois qu&rsquo;un type quelconque de transfert de donn\u00e9es personnelles sera effectu\u00e9, le consentement expr\u00e8s, inform\u00e9 et sans \u00e9quivoque des Utilisateurs sera pr\u00e9alablement demand\u00e9.<\/p>\n<p>Toutes les donn\u00e9es demand\u00e9es par le biais du site web sont obligatoires, car elles sont n\u00e9cessaires \u00e0 la fourniture d&rsquo;un service optimal \u00e0 l&rsquo;utilisateur.<\/p>\n<p>Dans le cas o\u00f9 toutes les donn\u00e9es ne sont pas fournies, il n&rsquo;est pas garanti que les informations et les services fournis soient compl\u00e8tement adapt\u00e9s \u00e0 vos besoins.<\/p>\n<\/div><\/div><\/div><\/div><\/div><\/div><\/div><\/section>\n","protected":false},"excerpt":{"rendered":"[vc_custom_heading text=\"Politique g\u00e9n\u00e9rale de confidentialit\u00e9\" font_container=\"tag:h1|text_align:left\" use_theme_fonts=\"yes\" css=\"%7B%22default%22%3A%7B%22font-weight%22%3A%22400%22%7D%7D\"]1. INFORMATIONS SUR L&rsquo;UTILISATEUR Omega CRM Consulting, S.L.U. est responsable du traitement des donn\u00e9es personnelles de l&rsquo;Utilisateur et vous informe que ces donn\u00e9es seront trait\u00e9es conform\u00e9ment aux dispositions du R\u00e8glement (UE) 2016\/679 du 27 avril 2016 (RGPD) sur la protection des personnes physiques et de la loi organique...","protected":false},"author":1,"featured_media":0,"parent":0,"menu_order":0,"comment_status":"closed","ping_status":"closed","template":"","meta":{"_acf_changed":false,"inline_featured_image":false,"footnotes":""},"class_list":["post-18217","page","type-page","status-publish","hentry"],"acf":[],"yoast_head":"<!-- This site is optimized with the Yoast SEO plugin v27.6 - https:\/\/yoast.com\/product\/yoast-seo-wordpress\/ -->\n<title>Politique de confidentialit\u00e9 | Omega CRM \u00b7 A Merkle Company<\/title>\n<meta name=\"robots\" content=\"noindex, follow\" \/>\n<meta property=\"og:locale\" content=\"fr_FR\" \/>\n<meta property=\"og:type\" content=\"article\" \/>\n<meta property=\"og:title\" content=\"Politique de confidentialit\u00e9 | Omega CRM \u00b7 A Merkle Company\" \/>\n<meta property=\"og:url\" content=\"https:\/\/omegacrmconsulting.com\/fr\/politique-de-confidentialite\/\" \/>\n<meta property=\"og:site_name\" content=\"Omega CRM \u00b7 A Merkle Company\" \/>\n<meta property=\"article:modified_time\" content=\"2025-03-17T09:01:04+00:00\" \/>\n<meta name=\"twitter:card\" content=\"summary_large_image\" \/>\n<meta name=\"twitter:site\" content=\"@omegacrm\" \/>\n<meta name=\"twitter:label1\" content=\"Dur\u00e9e de lecture estim\u00e9e\" \/>\n\t<meta name=\"twitter:data1\" content=\"7 minutes\" \/>\n<script type=\"application\/ld+json\" class=\"yoast-schema-graph\">{\"@context\":\"https:\\\/\\\/schema.org\",\"@graph\":[{\"@type\":\"WebPage\",\"@id\":\"https:\\\/\\\/omegacrmconsulting.com\\\/fr\\\/politique-de-confidentialite\\\/\",\"url\":\"https:\\\/\\\/omegacrmconsulting.com\\\/fr\\\/politique-de-confidentialite\\\/\",\"name\":\"Politique de confidentialit\u00e9 | Omega CRM \u00b7 A Merkle Company\",\"isPartOf\":{\"@id\":\"https:\\\/\\\/omegacrmconsulting.com\\\/fr\\\/#website\"},\"datePublished\":\"2022-02-01T14:01:52+00:00\",\"dateModified\":\"2025-03-17T09:01:04+00:00\",\"breadcrumb\":{\"@id\":\"https:\\\/\\\/omegacrmconsulting.com\\\/fr\\\/politique-de-confidentialite\\\/#breadcrumb\"},\"inLanguage\":\"fr-FR\",\"potentialAction\":[{\"@type\":\"ReadAction\",\"target\":[\"https:\\\/\\\/omegacrmconsulting.com\\\/fr\\\/politique-de-confidentialite\\\/\"]}]},{\"@type\":\"BreadcrumbList\",\"@id\":\"https:\\\/\\\/omegacrmconsulting.com\\\/fr\\\/politique-de-confidentialite\\\/#breadcrumb\",\"itemListElement\":[{\"@type\":\"ListItem\",\"position\":1,\"name\":\"Omega CRM Consulting\",\"item\":\"https:\\\/\\\/omegacrmconsulting.com\\\/\"},{\"@type\":\"ListItem\",\"position\":2,\"name\":\"Politique de confidentialit\u00e9\"}]},{\"@type\":\"WebSite\",\"@id\":\"https:\\\/\\\/omegacrmconsulting.com\\\/fr\\\/#website\",\"url\":\"https:\\\/\\\/omegacrmconsulting.com\\\/fr\\\/\",\"name\":\"Omega CRM \u00b7 A Merkle Company\",\"description\":\"Acelerando negocios a trav\u00e9s de la innovaci\u00f3n.\",\"publisher\":{\"@id\":\"https:\\\/\\\/omegacrmconsulting.com\\\/fr\\\/#organization\"},\"potentialAction\":[{\"@type\":\"SearchAction\",\"target\":{\"@type\":\"EntryPoint\",\"urlTemplate\":\"https:\\\/\\\/omegacrmconsulting.com\\\/fr\\\/?s={search_term_string}\"},\"query-input\":{\"@type\":\"PropertyValueSpecification\",\"valueRequired\":true,\"valueName\":\"search_term_string\"}}],\"inLanguage\":\"fr-FR\"},{\"@type\":\"Organization\",\"@id\":\"https:\\\/\\\/omegacrmconsulting.com\\\/fr\\\/#organization\",\"name\":\"Omega CRM\",\"url\":\"https:\\\/\\\/omegacrmconsulting.com\\\/fr\\\/\",\"logo\":{\"@type\":\"ImageObject\",\"inLanguage\":\"fr-FR\",\"@id\":\"https:\\\/\\\/omegacrmconsulting.com\\\/fr\\\/#\\\/schema\\\/logo\\\/image\\\/\",\"url\":\"https:\\\/\\\/omegacrmconsulting.com\\\/wp-content\\\/uploads\\\/2020\\\/08\\\/logo-omega-color.svg\",\"contentUrl\":\"https:\\\/\\\/omegacrmconsulting.com\\\/wp-content\\\/uploads\\\/2020\\\/08\\\/logo-omega-color.svg\",\"width\":\"1024\",\"height\":\"1024\",\"caption\":\"Omega CRM\"},\"image\":{\"@id\":\"https:\\\/\\\/omegacrmconsulting.com\\\/fr\\\/#\\\/schema\\\/logo\\\/image\\\/\"},\"sameAs\":[\"https:\\\/\\\/x.com\\\/omegacrm\",\"https:\\\/\\\/www.instagram.com\\\/omega_crm\\\/\",\"https:\\\/\\\/www.linkedin.com\\\/company\\\/omega-crm-consulting\",\"https:\\\/\\\/www.youtube.com\\\/user\\\/OmegaCRMconsulting\"]}]}<\/script>\n<!-- \/ Yoast SEO plugin. -->","yoast_head_json":{"title":"Politique de confidentialit\u00e9 | Omega CRM \u00b7 A Merkle Company","robots":{"index":"noindex","follow":"follow"},"og_locale":"fr_FR","og_type":"article","og_title":"Politique de confidentialit\u00e9 | Omega CRM \u00b7 A Merkle Company","og_url":"https:\/\/omegacrmconsulting.com\/fr\/politique-de-confidentialite\/","og_site_name":"Omega CRM \u00b7 A Merkle Company","article_modified_time":"2025-03-17T09:01:04+00:00","twitter_card":"summary_large_image","twitter_site":"@omegacrm","twitter_misc":{"Dur\u00e9e de lecture estim\u00e9e":"7 minutes"},"schema":{"@context":"https:\/\/schema.org","@graph":[{"@type":"WebPage","@id":"https:\/\/omegacrmconsulting.com\/fr\/politique-de-confidentialite\/","url":"https:\/\/omegacrmconsulting.com\/fr\/politique-de-confidentialite\/","name":"Politique de confidentialit\u00e9 | Omega CRM \u00b7 A Merkle Company","isPartOf":{"@id":"https:\/\/omegacrmconsulting.com\/fr\/#website"},"datePublished":"2022-02-01T14:01:52+00:00","dateModified":"2025-03-17T09:01:04+00:00","breadcrumb":{"@id":"https:\/\/omegacrmconsulting.com\/fr\/politique-de-confidentialite\/#breadcrumb"},"inLanguage":"fr-FR","potentialAction":[{"@type":"ReadAction","target":["https:\/\/omegacrmconsulting.com\/fr\/politique-de-confidentialite\/"]}]},{"@type":"BreadcrumbList","@id":"https:\/\/omegacrmconsulting.com\/fr\/politique-de-confidentialite\/#breadcrumb","itemListElement":[{"@type":"ListItem","position":1,"name":"Omega CRM Consulting","item":"https:\/\/omegacrmconsulting.com\/"},{"@type":"ListItem","position":2,"name":"Politique de confidentialit\u00e9"}]},{"@type":"WebSite","@id":"https:\/\/omegacrmconsulting.com\/fr\/#website","url":"https:\/\/omegacrmconsulting.com\/fr\/","name":"Omega CRM \u00b7 A Merkle Company","description":"Acelerando negocios a trav\u00e9s de la innovaci\u00f3n.","publisher":{"@id":"https:\/\/omegacrmconsulting.com\/fr\/#organization"},"potentialAction":[{"@type":"SearchAction","target":{"@type":"EntryPoint","urlTemplate":"https:\/\/omegacrmconsulting.com\/fr\/?s={search_term_string}"},"query-input":{"@type":"PropertyValueSpecification","valueRequired":true,"valueName":"search_term_string"}}],"inLanguage":"fr-FR"},{"@type":"Organization","@id":"https:\/\/omegacrmconsulting.com\/fr\/#organization","name":"Omega CRM","url":"https:\/\/omegacrmconsulting.com\/fr\/","logo":{"@type":"ImageObject","inLanguage":"fr-FR","@id":"https:\/\/omegacrmconsulting.com\/fr\/#\/schema\/logo\/image\/","url":"https:\/\/omegacrmconsulting.com\/wp-content\/uploads\/2020\/08\/logo-omega-color.svg","contentUrl":"https:\/\/omegacrmconsulting.com\/wp-content\/uploads\/2020\/08\/logo-omega-color.svg","width":"1024","height":"1024","caption":"Omega CRM"},"image":{"@id":"https:\/\/omegacrmconsulting.com\/fr\/#\/schema\/logo\/image\/"},"sameAs":["https:\/\/x.com\/omegacrm","https:\/\/www.instagram.com\/omega_crm\/","https:\/\/www.linkedin.com\/company\/omega-crm-consulting","https:\/\/www.youtube.com\/user\/OmegaCRMconsulting"]}]}},"_links":{"self":[{"href":"https:\/\/omegacrmconsulting.com\/fr\/wp-json\/wp\/v2\/pages\/18217","targetHints":{"allow":["GET"]}}],"collection":[{"href":"https:\/\/omegacrmconsulting.com\/fr\/wp-json\/wp\/v2\/pages"}],"about":[{"href":"https:\/\/omegacrmconsulting.com\/fr\/wp-json\/wp\/v2\/types\/page"}],"author":[{"embeddable":true,"href":"https:\/\/omegacrmconsulting.com\/fr\/wp-json\/wp\/v2\/users\/1"}],"replies":[{"embeddable":true,"href":"https:\/\/omegacrmconsulting.com\/fr\/wp-json\/wp\/v2\/comments?post=18217"}],"version-history":[{"count":11,"href":"https:\/\/omegacrmconsulting.com\/fr\/wp-json\/wp\/v2\/pages\/18217\/revisions"}],"predecessor-version":[{"id":30341,"href":"https:\/\/omegacrmconsulting.com\/fr\/wp-json\/wp\/v2\/pages\/18217\/revisions\/30341"}],"wp:attachment":[{"href":"https:\/\/omegacrmconsulting.com\/fr\/wp-json\/wp\/v2\/media?parent=18217"}],"curies":[{"name":"wp","href":"https:\/\/api.w.org\/{rel}","templated":true}]}}