{"id":18218,"date":"2022-02-01T16:18:27","date_gmt":"2022-02-01T14:18:27","guid":{"rendered":"https:\/\/omegacrmconsulting.com\/politica-de-cookies\/"},"modified":"2024-02-13T14:19:24","modified_gmt":"2024-02-13T12:19:24","slug":"politica-de-cookies","status":"publish","type":"page","link":"https:\/\/omegacrmconsulting.com\/fr\/politique-de-cookies\/","title":{"rendered":"Politique de cookies"},"content":{"rendered":"<section class=\"l-section wpb_row height_large\"><div class=\"l-section-h i-cf\"><div class=\"g-cols vc_row via_flex valign_top type_default stacking_default\"><div class=\"vc_col-sm-12 wpb_column vc_column_container\"><div class=\"vc_column-inner\"><div class=\"wpb_wrapper\">[vc_custom_heading text=\u00a0\u00bbPolitique de cookies\u00a0\u00bb font_container=\u00a0\u00bbtag:h1|text_align:left\u00a0\u00bb use_theme_fonts=\u00a0\u00bbyes\u00a0\u00bb css=\u00a0\u00bb%7B%22default%22%3A%7B%22font-weight%22%3A%22400%22%7D%7D\u00a0\u00bb]<div class=\"wpb_text_column\"><div class=\"wpb_wrapper\"><p>Derni\u00e8re mise \u00e0 jour le 13\/02\/2024<\/p>\n<h3><strong>Que sont les cookies ?<\/strong><\/h3>\n<p>Un cookie est un fichier t\u00e9l\u00e9charg\u00e9 sur votre ordinateur\/smartphone\/tablette lorsque vous acc\u00e9dez \u00e0 certaines pages Web. Les cookies permettent, entre autres, \u00e0 un site Web de stocker et de r\u00e9cup\u00e9rer des informations sur les habitudes de navigation d&rsquo;un utilisateur ou de son \u00e9quipement et, en fonction des informations qu&rsquo;ils contiennent et de la mani\u00e8re dont vous utilisez votre \u00e9quipement, ils peuvent \u00eatre utilis\u00e9s pour reconna\u00eetre l&rsquo;utilisateur.<\/p>\n<p>L&rsquo;une des classifications que l&rsquo;on peut faire des cookies est la finalit\u00e9 \u00e0 laquelle ils sont destin\u00e9s. Sur ce site Web, nous utilisons les types suivants\u00a0:<\/p>\n<p><strong>Cookies techniques :<\/strong> ce sont ceux qui permettent \u00e0 l&rsquo;utilisateur de naviguer sur une page Web, une plateforme ou une application et d&rsquo;utiliser les diff\u00e9rentes options ou services qui y existent, comme, par exemple, le contr\u00f4le du trafic et de la communication des donn\u00e9es, l&rsquo;identification de la session, l&rsquo;acc\u00e8s \u00e0 l&rsquo;acc\u00e8s restreint. pi\u00e8ces, m\u00e9moriser les \u00e9l\u00e9ments qui composent une commande, effectuer le processus d&rsquo;achat d&rsquo;une commande, faire une demande d&rsquo;inscription ou de participation \u00e0 un \u00e9v\u00e9nement, utiliser des \u00e9l\u00e9ments de s\u00e9curit\u00e9 lors de la navigation, stocker du contenu pour la diffusion de vid\u00e9os ou de sons ou partager du contenu via les r\u00e9seaux sociaux r\u00e9seaux.<\/p>\n<p><strong>Cookies de personnalisation\u00a0:<\/strong> ce sont ceux qui permettent \u00e0 l&rsquo;utilisateur d&rsquo;acc\u00e9der au service avec certaines caract\u00e9ristiques g\u00e9n\u00e9rales pr\u00e9d\u00e9finies en fonction d&rsquo;une s\u00e9rie de crit\u00e8res sur le terminal de l&rsquo;utilisateur, tels que la langue, le type de navigateur par lequel l&rsquo;utilisateur acc\u00e8de au service, la langue. d&rsquo;o\u00f9 vous acc\u00e9dez au service, etc.<\/p>\n<p><strong>Cookies d&rsquo;analyse :<\/strong> ce sont ceux qui permettent \u00e0 leur responsable de suivre et d&rsquo;analyser le comportement des utilisateurs des sites Internet auxquels ils sont li\u00e9s. Les informations collect\u00e9es via ce type de cookies sont utilis\u00e9es pour mesurer l&rsquo;activit\u00e9 des sites Internet, applications ou plateformes et pour \u00e9laborer des profils de navigation des utilisateurs de ces sites, applications et plateformes, afin d&rsquo;introduire des am\u00e9liorations bas\u00e9es sur l&rsquo;analyse des donn\u00e9es d&rsquo;utilisation. effectu\u00e9s par les utilisateurs du service.<\/p>\n<p>Sur ce site Web particulier, nous utilisons \u00e0 cette fin des cookies de Google Analytics. Vous pouvez trouver plus d&rsquo;informations sur les cookies de Google Analytics ici : <a href=\"https:\/\/developers.google.com\/analytics\/resources\/concepts\/gaConceptsCookies\">https:\/\/developers.google.com\/analytics\/resources\/concepts\/gaConceptsCookies<\/a><\/p>\n<p>Vous pouvez emp\u00eacher l&rsquo;utilisation de Google Analytics sur notre site en t\u00e9l\u00e9chargeant et en installant le Plugin disponible via ce lien : <a href=\"http:\/\/tools.google.com\/dlpage\/gaoptout?hl=en-GB\">http:\/\/tools.google.com\/dlpage\/gaoptout?hl=en-GB<\/a><\/p>\n<p>Nous vous informons \u00e9galement que les cookies de Google Analytics collectent des informations qui sont stock\u00e9es et analys\u00e9es aussi bien au sein de l&rsquo;Union europ\u00e9enne qu&rsquo;aux \u00c9tats-Unis. En ce sens, Google est membre du cadre de confidentialit\u00e9 des donn\u00e9es UE-\u00c9tats-Unis, de sorte que la Commission europ\u00e9enne garantit que le traitement des donn\u00e9es personnelles effectu\u00e9 par Google aux \u00c9tats-Unis offre un niveau de protection des donn\u00e9es \u00e9quivalent \u00e0 celui qui se produirait dans le cadre de la protection des donn\u00e9es. Union europ\u00e9enne.<\/p>\n<h3><strong>Dur\u00e9e des cookies<\/strong><\/h3>\n<p>Aucun des cookies que nous utilisons ne sera stock\u00e9 dans votre navigateur pendant plus de deux ans. Vous pouvez v\u00e9rifier la dur\u00e9e exacte de chacun dans les outils de d\u00e9veloppement de votre navigateur.<\/p>\n<h3><strong>Comment puis-je d\u00e9sactiver ou supprimer ces cookies dans les navigateurs ?<\/strong><\/h3>\n<p>L\u2019utilisateur peut \u2013 \u00e0 tout moment \u2013 \u200b\u200bchoisir les cookies qu\u2019il souhaite faire fonctionner sur ce site en acc\u00e9dant \u00e0 notre <a href=\"#cookiesAndContentPolicySettings\">configurateur<\/a> :<\/p>\n<h3><strong>Ajuster les cookies<\/strong><\/h3>\n<p>De plus, vous pouvez configurer quels cookies sont install\u00e9s dans le navigateur dans lequel vous vous trouvez en acc\u00e9dant \u00e0 :<\/p>\n<ul>\n<li>Chrome, depuis <a href=\"http:\/\/support.google.com\/chrome\/bin\/answer.py?hl=es&amp;answer=9564\">http:\/\/support.google.com\/chrome\/bin\/answer.py?hl=es&amp;answer=9564<\/a><\/li>\n<li>Explorateur, depuis <a href=\"http:\/\/windows.microsoft.com\/es-es\/windows7\/how-to-manage-cookies-in-internet-explorer-9\">http:\/\/windows.microsoft.com\/es-es\/windows7\/how-to-manage-cookies-in-internet-explorer-9<\/a><\/li>\n<li>Firefox, depuis <a href=\"http:\/\/support.mozilla.org\/es\/kb\/habilitar-y-deshabilitar-cookies-que-los-sitios-we\">http:\/\/support.mozilla.org\/es\/kb\/habilitar-y-deshabilitar-cookies-que-los-sitios-we<\/a><\/li>\n<li>Safari, depuis <a href=\"http:\/\/support.apple.com\/kb\/ph5042\">http:\/\/support.apple.com\/kb\/ph5042<\/a><\/li>\n<\/ul>\n<h3><strong>Plus d&rsquo;informations sur l&rsquo;utilisation des cookies ou sur la mani\u00e8re dont nous traitons vos donn\u00e9es<\/strong><\/h3>\n<p>Pour plus d\u2019informations sur le fonctionnement des cookies, vous pouvez consulter les sites suivants :<\/p>\n<ul>\n<li><a href=\"http:\/\/www.allaboutcookies.org\/manage-cookies\">www.allaboutcookies.org\/manage-cookies<\/a><\/li>\n<li><a href=\"http:\/\/www.youronlinechoices.com\">www.youronlinechoices.com<\/a><\/li>\n<\/ul>\n<p>De plus, pour plus d&rsquo;informations sur la mani\u00e8re dont nous traitons vos donn\u00e9es personnelles ou sur la mani\u00e8re d&rsquo;exercer vos droits sur vos donn\u00e9es personnelles, veuillez acc\u00e9der \u00e0 notre <a href=\"https:\/\/omegacrmconsulting.com\/fr\/politique-de-confidentialite\/\">Politique de confidentialit\u00e9<\/a>.<\/p>\n<\/div><\/div><div class=\"wpb_text_column\"><div class=\"wpb_wrapper\"><p><strong><a href=\"#cookiesAndContentPolicySettings\">Ajustez vos cookies<\/a><\/strong><\/p>\n<\/div><\/div><\/div><\/div><\/div><\/div><\/div><\/section>\n","protected":false},"excerpt":{"rendered":"[vc_custom_heading text=\"Politique de cookies\" font_container=\"tag:h1|text_align:left\" use_theme_fonts=\"yes\" css=\"%7B%22default%22%3A%7B%22font-weight%22%3A%22400%22%7D%7D\"]Derni\u00e8re mise \u00e0 jour le 13\/02\/2024 Que sont les cookies ? Un cookie est un fichier t\u00e9l\u00e9charg\u00e9 sur votre ordinateur\/smartphone\/tablette lorsque vous acc\u00e9dez \u00e0 certaines pages Web. Les cookies permettent, entre autres, \u00e0 un site Web de stocker et de r\u00e9cup\u00e9rer des informations sur les habitudes de navigation d&rsquo;un...","protected":false},"author":1,"featured_media":0,"parent":0,"menu_order":0,"comment_status":"closed","ping_status":"closed","template":"","meta":{"_acf_changed":false,"inline_featured_image":false,"footnotes":""},"class_list":["post-18218","page","type-page","status-publish","hentry"],"acf":[],"yoast_head":"<!-- This site is optimized with the Yoast SEO plugin v27.6 - https:\/\/yoast.com\/product\/yoast-seo-wordpress\/ -->\n<title>Politique de cookies | Omega CRM \u00b7 A Merkle Company<\/title>\n<meta name=\"robots\" content=\"noindex, follow\" \/>\n<meta property=\"og:locale\" content=\"fr_FR\" \/>\n<meta property=\"og:type\" content=\"article\" \/>\n<meta property=\"og:title\" content=\"Politique de cookies | Omega CRM \u00b7 A Merkle Company\" \/>\n<meta property=\"og:url\" content=\"https:\/\/omegacrmconsulting.com\/fr\/politique-de-cookies\/\" \/>\n<meta property=\"og:site_name\" content=\"Omega CRM \u00b7 A Merkle Company\" \/>\n<meta property=\"article:modified_time\" content=\"2024-02-13T12:19:24+00:00\" \/>\n<meta name=\"twitter:card\" content=\"summary_large_image\" \/>\n<meta name=\"twitter:site\" content=\"@omegacrm\" \/>\n<meta name=\"twitter:label1\" content=\"Dur\u00e9e de lecture estim\u00e9e\" \/>\n\t<meta name=\"twitter:data1\" content=\"4 minutes\" \/>\n<script type=\"application\/ld+json\" class=\"yoast-schema-graph\">{\"@context\":\"https:\\\/\\\/schema.org\",\"@graph\":[{\"@type\":\"WebPage\",\"@id\":\"https:\\\/\\\/omegacrmconsulting.com\\\/fr\\\/politique-de-cookies\\\/\",\"url\":\"https:\\\/\\\/omegacrmconsulting.com\\\/fr\\\/politique-de-cookies\\\/\",\"name\":\"Politique de cookies | Omega CRM \u00b7 A Merkle Company\",\"isPartOf\":{\"@id\":\"https:\\\/\\\/omegacrmconsulting.com\\\/fr\\\/#website\"},\"datePublished\":\"2022-02-01T14:18:27+00:00\",\"dateModified\":\"2024-02-13T12:19:24+00:00\",\"breadcrumb\":{\"@id\":\"https:\\\/\\\/omegacrmconsulting.com\\\/fr\\\/politique-de-cookies\\\/#breadcrumb\"},\"inLanguage\":\"fr-FR\",\"potentialAction\":[{\"@type\":\"ReadAction\",\"target\":[\"https:\\\/\\\/omegacrmconsulting.com\\\/fr\\\/politique-de-cookies\\\/\"]}]},{\"@type\":\"BreadcrumbList\",\"@id\":\"https:\\\/\\\/omegacrmconsulting.com\\\/fr\\\/politique-de-cookies\\\/#breadcrumb\",\"itemListElement\":[{\"@type\":\"ListItem\",\"position\":1,\"name\":\"Omega CRM Consulting\",\"item\":\"https:\\\/\\\/omegacrmconsulting.com\\\/\"},{\"@type\":\"ListItem\",\"position\":2,\"name\":\"Politique de cookies\"}]},{\"@type\":\"WebSite\",\"@id\":\"https:\\\/\\\/omegacrmconsulting.com\\\/fr\\\/#website\",\"url\":\"https:\\\/\\\/omegacrmconsulting.com\\\/fr\\\/\",\"name\":\"Omega CRM \u00b7 A Merkle Company\",\"description\":\"Acelerando negocios a trav\u00e9s de la innovaci\u00f3n.\",\"publisher\":{\"@id\":\"https:\\\/\\\/omegacrmconsulting.com\\\/fr\\\/#organization\"},\"potentialAction\":[{\"@type\":\"SearchAction\",\"target\":{\"@type\":\"EntryPoint\",\"urlTemplate\":\"https:\\\/\\\/omegacrmconsulting.com\\\/fr\\\/?s={search_term_string}\"},\"query-input\":{\"@type\":\"PropertyValueSpecification\",\"valueRequired\":true,\"valueName\":\"search_term_string\"}}],\"inLanguage\":\"fr-FR\"},{\"@type\":\"Organization\",\"@id\":\"https:\\\/\\\/omegacrmconsulting.com\\\/fr\\\/#organization\",\"name\":\"Omega CRM\",\"url\":\"https:\\\/\\\/omegacrmconsulting.com\\\/fr\\\/\",\"logo\":{\"@type\":\"ImageObject\",\"inLanguage\":\"fr-FR\",\"@id\":\"https:\\\/\\\/omegacrmconsulting.com\\\/fr\\\/#\\\/schema\\\/logo\\\/image\\\/\",\"url\":\"https:\\\/\\\/omegacrmconsulting.com\\\/wp-content\\\/uploads\\\/2020\\\/08\\\/logo-omega-color.svg\",\"contentUrl\":\"https:\\\/\\\/omegacrmconsulting.com\\\/wp-content\\\/uploads\\\/2020\\\/08\\\/logo-omega-color.svg\",\"width\":\"1024\",\"height\":\"1024\",\"caption\":\"Omega CRM\"},\"image\":{\"@id\":\"https:\\\/\\\/omegacrmconsulting.com\\\/fr\\\/#\\\/schema\\\/logo\\\/image\\\/\"},\"sameAs\":[\"https:\\\/\\\/x.com\\\/omegacrm\",\"https:\\\/\\\/www.instagram.com\\\/omega_crm\\\/\",\"https:\\\/\\\/www.linkedin.com\\\/company\\\/omega-crm-consulting\",\"https:\\\/\\\/www.youtube.com\\\/user\\\/OmegaCRMconsulting\"]}]}<\/script>\n<!-- \/ Yoast SEO plugin. -->","yoast_head_json":{"title":"Politique de cookies | Omega CRM \u00b7 A Merkle Company","robots":{"index":"noindex","follow":"follow"},"og_locale":"fr_FR","og_type":"article","og_title":"Politique de cookies | Omega CRM \u00b7 A Merkle Company","og_url":"https:\/\/omegacrmconsulting.com\/fr\/politique-de-cookies\/","og_site_name":"Omega CRM \u00b7 A Merkle Company","article_modified_time":"2024-02-13T12:19:24+00:00","twitter_card":"summary_large_image","twitter_site":"@omegacrm","twitter_misc":{"Dur\u00e9e de lecture estim\u00e9e":"4 minutes"},"schema":{"@context":"https:\/\/schema.org","@graph":[{"@type":"WebPage","@id":"https:\/\/omegacrmconsulting.com\/fr\/politique-de-cookies\/","url":"https:\/\/omegacrmconsulting.com\/fr\/politique-de-cookies\/","name":"Politique de cookies | Omega CRM \u00b7 A Merkle Company","isPartOf":{"@id":"https:\/\/omegacrmconsulting.com\/fr\/#website"},"datePublished":"2022-02-01T14:18:27+00:00","dateModified":"2024-02-13T12:19:24+00:00","breadcrumb":{"@id":"https:\/\/omegacrmconsulting.com\/fr\/politique-de-cookies\/#breadcrumb"},"inLanguage":"fr-FR","potentialAction":[{"@type":"ReadAction","target":["https:\/\/omegacrmconsulting.com\/fr\/politique-de-cookies\/"]}]},{"@type":"BreadcrumbList","@id":"https:\/\/omegacrmconsulting.com\/fr\/politique-de-cookies\/#breadcrumb","itemListElement":[{"@type":"ListItem","position":1,"name":"Omega CRM Consulting","item":"https:\/\/omegacrmconsulting.com\/"},{"@type":"ListItem","position":2,"name":"Politique de cookies"}]},{"@type":"WebSite","@id":"https:\/\/omegacrmconsulting.com\/fr\/#website","url":"https:\/\/omegacrmconsulting.com\/fr\/","name":"Omega CRM \u00b7 A Merkle Company","description":"Acelerando negocios a trav\u00e9s de la innovaci\u00f3n.","publisher":{"@id":"https:\/\/omegacrmconsulting.com\/fr\/#organization"},"potentialAction":[{"@type":"SearchAction","target":{"@type":"EntryPoint","urlTemplate":"https:\/\/omegacrmconsulting.com\/fr\/?s={search_term_string}"},"query-input":{"@type":"PropertyValueSpecification","valueRequired":true,"valueName":"search_term_string"}}],"inLanguage":"fr-FR"},{"@type":"Organization","@id":"https:\/\/omegacrmconsulting.com\/fr\/#organization","name":"Omega CRM","url":"https:\/\/omegacrmconsulting.com\/fr\/","logo":{"@type":"ImageObject","inLanguage":"fr-FR","@id":"https:\/\/omegacrmconsulting.com\/fr\/#\/schema\/logo\/image\/","url":"https:\/\/omegacrmconsulting.com\/wp-content\/uploads\/2020\/08\/logo-omega-color.svg","contentUrl":"https:\/\/omegacrmconsulting.com\/wp-content\/uploads\/2020\/08\/logo-omega-color.svg","width":"1024","height":"1024","caption":"Omega CRM"},"image":{"@id":"https:\/\/omegacrmconsulting.com\/fr\/#\/schema\/logo\/image\/"},"sameAs":["https:\/\/x.com\/omegacrm","https:\/\/www.instagram.com\/omega_crm\/","https:\/\/www.linkedin.com\/company\/omega-crm-consulting","https:\/\/www.youtube.com\/user\/OmegaCRMconsulting"]}]}},"_links":{"self":[{"href":"https:\/\/omegacrmconsulting.com\/fr\/wp-json\/wp\/v2\/pages\/18218","targetHints":{"allow":["GET"]}}],"collection":[{"href":"https:\/\/omegacrmconsulting.com\/fr\/wp-json\/wp\/v2\/pages"}],"about":[{"href":"https:\/\/omegacrmconsulting.com\/fr\/wp-json\/wp\/v2\/types\/page"}],"author":[{"embeddable":true,"href":"https:\/\/omegacrmconsulting.com\/fr\/wp-json\/wp\/v2\/users\/1"}],"replies":[{"embeddable":true,"href":"https:\/\/omegacrmconsulting.com\/fr\/wp-json\/wp\/v2\/comments?post=18218"}],"version-history":[{"count":8,"href":"https:\/\/omegacrmconsulting.com\/fr\/wp-json\/wp\/v2\/pages\/18218\/revisions"}],"predecessor-version":[{"id":26816,"href":"https:\/\/omegacrmconsulting.com\/fr\/wp-json\/wp\/v2\/pages\/18218\/revisions\/26816"}],"wp:attachment":[{"href":"https:\/\/omegacrmconsulting.com\/fr\/wp-json\/wp\/v2\/media?parent=18218"}],"curies":[{"name":"wp","href":"https:\/\/api.w.org\/{rel}","templated":true}]}}