{"id":18219,"date":"2022-02-01T16:23:23","date_gmt":"2022-02-01T14:23:23","guid":{"rendered":"https:\/\/omegacrmconsulting.com\/aviso-legal\/"},"modified":"2025-03-17T10:57:23","modified_gmt":"2025-03-17T08:57:23","slug":"aviso-legal","status":"publish","type":"page","link":"https:\/\/omegacrmconsulting.com\/fr\/mentions-legales\/","title":{"rendered":"Mentions l\u00e9gales"},"content":{"rendered":"<section class=\"l-section wpb_row height_large\"><div class=\"l-section-h i-cf\"><div class=\"g-cols vc_row via_flex valign_top type_default stacking_default\"><div class=\"vc_col-sm-12 wpb_column vc_column_container\"><div class=\"vc_column-inner\"><div class=\"wpb_wrapper\">[vc_custom_heading text=\u00a0\u00bbMentions l\u00e9gales\u00a0\u00bb font_container=\u00a0\u00bbtag:h1|text_align:left\u00a0\u00bb use_theme_fonts=\u00a0\u00bbyes\u00a0\u00bb css=\u00a0\u00bb%7B%22default%22%3A%7B%22font-weight%22%3A%22400%22%7D%7D\u00a0\u00bb]<div class=\"wpb_text_column\"><div class=\"wpb_wrapper\"><p><strong>Omega CRM Consulting, S.L.U.<\/strong>\u00a0responsable du site web, ci-apr\u00e8s RESPONSABLE, met \u00e0 la disposition des utilisateurs le pr\u00e9sent document, avec lequel elle entend respecter les obligations pr\u00e9vues par la loi 34\/2002, du 11 juillet, sur les services de la soci\u00e9t\u00e9 de l&rsquo;information et du commerce \u00e9lectronique (LSSICE), ainsi qu&rsquo;informer tous les utilisateurs du site web sur les conditions d&rsquo;utilisation.<\/p>\n<p>Toute personne acc\u00e9dant \u00e0 ce site Web assume le r\u00f4le d&rsquo;utilisateur, s&rsquo;engageant \u00e0 respecter et \u00e0 se conformer strictement aux dispositions du pr\u00e9sent document, ainsi qu&rsquo;\u00e0 toute autre disposition l\u00e9gale pouvant \u00eatre applicable.<\/p>\n<p><strong>Omega CRM Consulting, S.L.U.<\/strong> se r\u00e9serve le droit de modifier tout type d&rsquo;information pouvant appara\u00eetre sur le site web, sans obligation de pr\u00e9avis ni d&rsquo;information des utilisateurs, la publication sur le site web d&rsquo;Omega CRM Consulting, S.L.U. \u00e9tant comprise comme suffisante.<\/p>\n<p><strong>1. DONN\u00c9ES D&rsquo;IDENTIFICATION<br \/>\n<\/strong><\/p>\n<p>Nom de domaine: <a href=\"https:\/\/omegacrmconsulting.com\/\">https:\/\/omegacrmconsulting.com\/<\/a><br \/>\nNom commercial: Omega \u00b7 A Merkle Company<br \/>\nNom de la soci\u00e9t\u00e9: Omega CRM Consulting, S.L.U.<br \/>\nNUM\u00c9RO D&rsquo;IDENTIFICATION FISCALE: B18705087<br \/>\nSi\u00e8ge social: C\/ Periodista Fernando G\u00f3mez de la Cruz 61, Planta 0 Oficina 9 CETIC-UGR &#8211; 18014 Grenade<br \/>\nT\u00e9l\u00e9phone: 958 224 149<br \/>\ne-mail: <a href=\"mailto:info@omegacrmconsulting.com\">info@omegacrmconsulting.com<\/a><br \/>\nInscrit au Registre du Commerce de Grenade, Pr\u00e9sentation 1\/93\/614, Folio 99, Prot. : 2004,3612\/N12\/11\/2004, Entr\u00e9e N. : 1\/2004\/7.925,0<\/p>\n<p><strong> 2. DROITS DE PROPRI\u00c9T\u00c9 INTELLECTUELLE ET INDUSTRIELLE<\/strong><\/p>\n<p>Le site web, y compris, mais sans s&rsquo;y limiter, sa programmation, son \u00e9dition, sa compilation et les autres \u00e9l\u00e9ments n\u00e9cessaires \u00e0 son fonctionnement, les dessins, les logos, les textes et\/ou les graphiques, sont la propri\u00e9t\u00e9 du RESPONSABLE ou, le cas \u00e9ch\u00e9ant, disposent d&rsquo;une licence ou d&rsquo;une autorisation expresse des auteurs. Tous les contenus du site web sont d\u00fbment prot\u00e9g\u00e9s par la r\u00e9glementation en mati\u00e8re de propri\u00e9t\u00e9 intellectuelle et industrielle, et sont inscrits dans les registres publics correspondants.<\/p>\n<p>Quelle que soit la finalit\u00e9 \u00e0 laquelle ils sont destin\u00e9s, la reproduction, l&rsquo;utilisation, l&rsquo;exploitation, la distribution et la commercialisation, totales ou partielles, n\u00e9cessitent dans tous les cas l&rsquo;autorisation \u00e9crite pr\u00e9alable du RESPONSABLE. Toute utilisation non autoris\u00e9e est consid\u00e9r\u00e9e comme une violation grave des droits de propri\u00e9t\u00e9 intellectuelle ou industrielle de l&rsquo;auteur.<\/p>\n<p>Les dessins, logos, textes et\/ou graphiques qui n&rsquo;appartiennent pas au RESPONSABLE et qui peuvent appara\u00eetre sur le site web appartiennent \u00e0 leurs propri\u00e9taires respectifs, et ils sont eux-m\u00eames responsables de toute \u00e9ventuelle controverse qui pourrait survenir \u00e0 leur sujet. Le PROPRI\u00c9TAIRE DE LA RESPONSABILIT\u00c9 autorise express\u00e9ment les tiers \u00e0 rediriger directement vers les contenus sp\u00e9cifiques du site web, et en tout cas \u00e0 rediriger vers le site web principal <a href=\"https:\/\/omegacrmconsulting.com\/\">https:\/\/omegacrmconsulting.com\/<\/a><\/p>\n<p>La RESPONSABILIT\u00c9 reconna\u00eet les droits de propri\u00e9t\u00e9 intellectuelle et industrielle correspondants en faveur de leurs propri\u00e9taires, et la simple mention ou apparition sur le site web n&rsquo;implique pas l&rsquo;existence de droits ou de responsabilit\u00e9s quelconques sur ceux-ci, ni l&rsquo;approbation, le parrainage ou la recommandation par la RESPONSABILIT\u00c9.<\/p>\n<p>Pour formuler tout type d&rsquo;observation concernant d&rsquo;\u00e9ventuelles violations des droits de propri\u00e9t\u00e9 intellectuelle ou industrielle, ainsi que sur l&rsquo;un des contenus du site web, vous pouvez le faire en envoyant un courrier \u00e9lectronique \u00e0 <a href=\"mailto:info@omegacrmconsulting.com\">info@omegacrmconsulting.com<\/a><\/p>\n<p><strong> 3. EXEMPTION DE RESPONSABILIT\u00c9<br \/>\n<\/strong><\/p>\n<p>Le RESPONSABLE est exempt de tout type de responsabilit\u00e9 d\u00e9riv\u00e9e de l&rsquo;information publi\u00e9e sur son site web, \u00e0 condition que cette information ait \u00e9t\u00e9 manipul\u00e9e ou introduite par un tiers externe \u00e0 celui-ci.<\/p>\n<p><strong>Politique de liens<\/strong><\/p>\n<p>\u00c0 partir du site web, il est possible que vous soyez redirig\u00e9 vers des contenus de sites web tiers. \u00c9tant donn\u00e9 que le RESPONSABLE ne peut pas toujours contr\u00f4ler les contenus introduits par des tiers dans leurs sites web respectifs, il n&rsquo;assume aucun type de responsabilit\u00e9 quant \u00e0 ces contenus. Dans tous les cas, il proc\u00e9dera au retrait imm\u00e9diat de tout contenu susceptible de contrevenir \u00e0 la l\u00e9gislation nationale ou internationale, \u00e0 la morale ou \u00e0 l&rsquo;ordre public, en proc\u00e9dant au retrait imm\u00e9diat de la redirection vers ledit site web, en informant les autorit\u00e9s comp\u00e9tentes du contenu en question.<\/p>\n<p>Le RESPONSABLE n&rsquo;est pas responsable des informations et contenus stock\u00e9s, y compris, mais sans s&rsquo;y limiter, dans les forums, chats, g\u00e9n\u00e9rateurs de blogs, commentaires, r\u00e9seaux sociaux ou tout autre support permettant \u00e0 des tiers de publier des contenus de mani\u00e8re ind\u00e9pendante sur le site web du RESPONSABLE. Toutefois, et conform\u00e9ment aux dispositions des articles 11 et 16 de la LSSICE, il se met \u00e0 la disposition de tous les utilisateurs, des autorit\u00e9s et des forces de s\u00e9curit\u00e9, en collaborant activement \u00e0 la suppression ou, le cas \u00e9ch\u00e9ant, au blocage de tous les contenus susceptibles d&rsquo;affecter ou de contrevenir \u00e0 la l\u00e9gislation nationale ou internationale, aux droits des tiers ou \u00e0 la morale et \u00e0 l&rsquo;ordre public. Si l&rsquo;utilisateur estime qu&rsquo;un contenu du site web est susceptible d&rsquo;\u00eatre class\u00e9 dans cette cat\u00e9gorie, il doit en informer imm\u00e9diatement l&rsquo;administrateur du site.<\/p>\n<p>Ce site web a \u00e9t\u00e9 v\u00e9rifi\u00e9 et test\u00e9 pour s&rsquo;assurer de son bon fonctionnement. En principe, on peut garantir son bon fonctionnement 365 jours par an, 24 heures sur 24. Toutefois, le RESPONSABLE n&rsquo;exclut pas la possibilit\u00e9 de certaines erreurs de programmation, ni la survenance de cas de force majeure, de catastrophes naturelles, de gr\u00e8ves ou de circonstances similaires rendant impossible l&rsquo;acc\u00e8s au site web.<\/p>\n<p><strong>4. LOI ET JURIDICTION APPLICABLE<br \/>\n<\/strong><\/p>\n<p>Pour la r\u00e9solution de tous les litiges ou questions li\u00e9s \u00e0 ce site web ou aux activit\u00e9s r\u00e9alis\u00e9es sur celui-ci, la loi espagnole sera applicable, \u00e0 laquelle les parties se soumettent express\u00e9ment, et les Cours et Tribunaux de Grenade seront comp\u00e9tents pour r\u00e9soudre tous les conflits d\u00e9coulant de ou li\u00e9s \u00e0 son utilisation.<\/p>\n<\/div><\/div><\/div><\/div><\/div><\/div><\/div><\/section>\n","protected":false},"excerpt":{"rendered":"[vc_custom_heading text=\"Mentions l\u00e9gales\" font_container=\"tag:h1|text_align:left\" use_theme_fonts=\"yes\" css=\"%7B%22default%22%3A%7B%22font-weight%22%3A%22400%22%7D%7D\"]Omega CRM Consulting, S.L.U.\u00a0responsable du site web, ci-apr\u00e8s RESPONSABLE, met \u00e0 la disposition des utilisateurs le pr\u00e9sent document, avec lequel elle entend respecter les obligations pr\u00e9vues par la loi 34\/2002, du 11 juillet, sur les services de la soci\u00e9t\u00e9 de l&rsquo;information et du commerce \u00e9lectronique (LSSICE), ainsi qu&rsquo;informer tous les...","protected":false},"author":1,"featured_media":0,"parent":0,"menu_order":0,"comment_status":"closed","ping_status":"closed","template":"","meta":{"_acf_changed":false,"inline_featured_image":false,"footnotes":""},"class_list":["post-18219","page","type-page","status-publish","hentry"],"acf":[],"yoast_head":"<!-- This site is optimized with the Yoast SEO plugin v27.6 - https:\/\/yoast.com\/product\/yoast-seo-wordpress\/ -->\n<title>Mentions l\u00e9gales | Omega CRM \u00b7 A Merkle Company<\/title>\n<meta name=\"robots\" content=\"noindex, follow\" \/>\n<meta property=\"og:locale\" content=\"fr_FR\" \/>\n<meta property=\"og:type\" content=\"article\" \/>\n<meta property=\"og:title\" content=\"Mentions l\u00e9gales | Omega CRM \u00b7 A Merkle Company\" \/>\n<meta property=\"og:url\" content=\"https:\/\/omegacrmconsulting.com\/fr\/mentions-legales\/\" \/>\n<meta property=\"og:site_name\" content=\"Omega CRM \u00b7 A Merkle Company\" \/>\n<meta property=\"article:modified_time\" content=\"2025-03-17T08:57:23+00:00\" \/>\n<meta name=\"twitter:card\" content=\"summary_large_image\" \/>\n<meta name=\"twitter:site\" content=\"@omegacrm\" \/>\n<meta name=\"twitter:label1\" content=\"Dur\u00e9e de lecture estim\u00e9e\" \/>\n\t<meta name=\"twitter:data1\" content=\"5 minutes\" \/>\n<script type=\"application\/ld+json\" class=\"yoast-schema-graph\">{\"@context\":\"https:\\\/\\\/schema.org\",\"@graph\":[{\"@type\":\"WebPage\",\"@id\":\"https:\\\/\\\/omegacrmconsulting.com\\\/fr\\\/mentions-legales\\\/\",\"url\":\"https:\\\/\\\/omegacrmconsulting.com\\\/fr\\\/mentions-legales\\\/\",\"name\":\"Mentions l\u00e9gales | Omega CRM \u00b7 A Merkle Company\",\"isPartOf\":{\"@id\":\"https:\\\/\\\/omegacrmconsulting.com\\\/fr\\\/#website\"},\"datePublished\":\"2022-02-01T14:23:23+00:00\",\"dateModified\":\"2025-03-17T08:57:23+00:00\",\"breadcrumb\":{\"@id\":\"https:\\\/\\\/omegacrmconsulting.com\\\/fr\\\/mentions-legales\\\/#breadcrumb\"},\"inLanguage\":\"fr-FR\",\"potentialAction\":[{\"@type\":\"ReadAction\",\"target\":[\"https:\\\/\\\/omegacrmconsulting.com\\\/fr\\\/mentions-legales\\\/\"]}]},{\"@type\":\"BreadcrumbList\",\"@id\":\"https:\\\/\\\/omegacrmconsulting.com\\\/fr\\\/mentions-legales\\\/#breadcrumb\",\"itemListElement\":[{\"@type\":\"ListItem\",\"position\":1,\"name\":\"Omega CRM Consulting\",\"item\":\"https:\\\/\\\/omegacrmconsulting.com\\\/\"},{\"@type\":\"ListItem\",\"position\":2,\"name\":\"Mentions l\u00e9gales\"}]},{\"@type\":\"WebSite\",\"@id\":\"https:\\\/\\\/omegacrmconsulting.com\\\/fr\\\/#website\",\"url\":\"https:\\\/\\\/omegacrmconsulting.com\\\/fr\\\/\",\"name\":\"Omega CRM \u00b7 A Merkle Company\",\"description\":\"Acelerando negocios a trav\u00e9s de la innovaci\u00f3n.\",\"publisher\":{\"@id\":\"https:\\\/\\\/omegacrmconsulting.com\\\/fr\\\/#organization\"},\"potentialAction\":[{\"@type\":\"SearchAction\",\"target\":{\"@type\":\"EntryPoint\",\"urlTemplate\":\"https:\\\/\\\/omegacrmconsulting.com\\\/fr\\\/?s={search_term_string}\"},\"query-input\":{\"@type\":\"PropertyValueSpecification\",\"valueRequired\":true,\"valueName\":\"search_term_string\"}}],\"inLanguage\":\"fr-FR\"},{\"@type\":\"Organization\",\"@id\":\"https:\\\/\\\/omegacrmconsulting.com\\\/fr\\\/#organization\",\"name\":\"Omega CRM\",\"url\":\"https:\\\/\\\/omegacrmconsulting.com\\\/fr\\\/\",\"logo\":{\"@type\":\"ImageObject\",\"inLanguage\":\"fr-FR\",\"@id\":\"https:\\\/\\\/omegacrmconsulting.com\\\/fr\\\/#\\\/schema\\\/logo\\\/image\\\/\",\"url\":\"https:\\\/\\\/omegacrmconsulting.com\\\/wp-content\\\/uploads\\\/2020\\\/08\\\/logo-omega-color.svg\",\"contentUrl\":\"https:\\\/\\\/omegacrmconsulting.com\\\/wp-content\\\/uploads\\\/2020\\\/08\\\/logo-omega-color.svg\",\"width\":\"1024\",\"height\":\"1024\",\"caption\":\"Omega CRM\"},\"image\":{\"@id\":\"https:\\\/\\\/omegacrmconsulting.com\\\/fr\\\/#\\\/schema\\\/logo\\\/image\\\/\"},\"sameAs\":[\"https:\\\/\\\/x.com\\\/omegacrm\",\"https:\\\/\\\/www.instagram.com\\\/omega_crm\\\/\",\"https:\\\/\\\/www.linkedin.com\\\/company\\\/omega-crm-consulting\",\"https:\\\/\\\/www.youtube.com\\\/user\\\/OmegaCRMconsulting\"]}]}<\/script>\n<!-- \/ Yoast SEO plugin. -->","yoast_head_json":{"title":"Mentions l\u00e9gales | Omega CRM \u00b7 A Merkle Company","robots":{"index":"noindex","follow":"follow"},"og_locale":"fr_FR","og_type":"article","og_title":"Mentions l\u00e9gales | Omega CRM \u00b7 A Merkle Company","og_url":"https:\/\/omegacrmconsulting.com\/fr\/mentions-legales\/","og_site_name":"Omega CRM \u00b7 A Merkle Company","article_modified_time":"2025-03-17T08:57:23+00:00","twitter_card":"summary_large_image","twitter_site":"@omegacrm","twitter_misc":{"Dur\u00e9e de lecture estim\u00e9e":"5 minutes"},"schema":{"@context":"https:\/\/schema.org","@graph":[{"@type":"WebPage","@id":"https:\/\/omegacrmconsulting.com\/fr\/mentions-legales\/","url":"https:\/\/omegacrmconsulting.com\/fr\/mentions-legales\/","name":"Mentions l\u00e9gales | Omega CRM \u00b7 A Merkle Company","isPartOf":{"@id":"https:\/\/omegacrmconsulting.com\/fr\/#website"},"datePublished":"2022-02-01T14:23:23+00:00","dateModified":"2025-03-17T08:57:23+00:00","breadcrumb":{"@id":"https:\/\/omegacrmconsulting.com\/fr\/mentions-legales\/#breadcrumb"},"inLanguage":"fr-FR","potentialAction":[{"@type":"ReadAction","target":["https:\/\/omegacrmconsulting.com\/fr\/mentions-legales\/"]}]},{"@type":"BreadcrumbList","@id":"https:\/\/omegacrmconsulting.com\/fr\/mentions-legales\/#breadcrumb","itemListElement":[{"@type":"ListItem","position":1,"name":"Omega CRM Consulting","item":"https:\/\/omegacrmconsulting.com\/"},{"@type":"ListItem","position":2,"name":"Mentions l\u00e9gales"}]},{"@type":"WebSite","@id":"https:\/\/omegacrmconsulting.com\/fr\/#website","url":"https:\/\/omegacrmconsulting.com\/fr\/","name":"Omega CRM \u00b7 A Merkle Company","description":"Acelerando negocios a trav\u00e9s de la innovaci\u00f3n.","publisher":{"@id":"https:\/\/omegacrmconsulting.com\/fr\/#organization"},"potentialAction":[{"@type":"SearchAction","target":{"@type":"EntryPoint","urlTemplate":"https:\/\/omegacrmconsulting.com\/fr\/?s={search_term_string}"},"query-input":{"@type":"PropertyValueSpecification","valueRequired":true,"valueName":"search_term_string"}}],"inLanguage":"fr-FR"},{"@type":"Organization","@id":"https:\/\/omegacrmconsulting.com\/fr\/#organization","name":"Omega CRM","url":"https:\/\/omegacrmconsulting.com\/fr\/","logo":{"@type":"ImageObject","inLanguage":"fr-FR","@id":"https:\/\/omegacrmconsulting.com\/fr\/#\/schema\/logo\/image\/","url":"https:\/\/omegacrmconsulting.com\/wp-content\/uploads\/2020\/08\/logo-omega-color.svg","contentUrl":"https:\/\/omegacrmconsulting.com\/wp-content\/uploads\/2020\/08\/logo-omega-color.svg","width":"1024","height":"1024","caption":"Omega CRM"},"image":{"@id":"https:\/\/omegacrmconsulting.com\/fr\/#\/schema\/logo\/image\/"},"sameAs":["https:\/\/x.com\/omegacrm","https:\/\/www.instagram.com\/omega_crm\/","https:\/\/www.linkedin.com\/company\/omega-crm-consulting","https:\/\/www.youtube.com\/user\/OmegaCRMconsulting"]}]}},"_links":{"self":[{"href":"https:\/\/omegacrmconsulting.com\/fr\/wp-json\/wp\/v2\/pages\/18219","targetHints":{"allow":["GET"]}}],"collection":[{"href":"https:\/\/omegacrmconsulting.com\/fr\/wp-json\/wp\/v2\/pages"}],"about":[{"href":"https:\/\/omegacrmconsulting.com\/fr\/wp-json\/wp\/v2\/types\/page"}],"author":[{"embeddable":true,"href":"https:\/\/omegacrmconsulting.com\/fr\/wp-json\/wp\/v2\/users\/1"}],"replies":[{"embeddable":true,"href":"https:\/\/omegacrmconsulting.com\/fr\/wp-json\/wp\/v2\/comments?post=18219"}],"version-history":[{"count":6,"href":"https:\/\/omegacrmconsulting.com\/fr\/wp-json\/wp\/v2\/pages\/18219\/revisions"}],"predecessor-version":[{"id":30338,"href":"https:\/\/omegacrmconsulting.com\/fr\/wp-json\/wp\/v2\/pages\/18219\/revisions\/30338"}],"wp:attachment":[{"href":"https:\/\/omegacrmconsulting.com\/fr\/wp-json\/wp\/v2\/media?parent=18219"}],"curies":[{"name":"wp","href":"https:\/\/api.w.org\/{rel}","templated":true}]}}