{"id":18240,"date":"2022-01-18T16:43:03","date_gmt":"2022-01-18T14:43:03","guid":{"rendered":"https:\/\/omegacrmconsulting.com\/te-buscamos-candidatura\/"},"modified":"2022-05-10T13:47:46","modified_gmt":"2022-05-10T11:47:46","slug":"te-buscamos-candidatura","status":"publish","type":"page","link":"https:\/\/omegacrmconsulting.com\/fr\/nous-recherchons-ta-candidature\/","title":{"rendered":"Nous recherchons ta candidature"},"content":{"rendered":"<section class=\"l-section wpb_row us_custom_19737bc8 height_medium width_full\"><div class=\"l-section-h i-cf\"><div class=\"g-cols vc_row via_flex valign_top type_default stacking_default\"><div class=\"vc_col-sm-12 wpb_column vc_column_container\"><div class=\"vc_column-inner\"><div class=\"wpb_wrapper\">[vc_custom_heading text=\u00a0\u00bbNous recherchons ta candidature\u00a0\u00bb font_container=\u00a0\u00bbtag:h1|text_align:left\u00a0\u00bb use_theme_fonts=\u00a0\u00bbyes\u00a0\u00bb el_class=\u00a0\u00bbtitle-hidden\u00a0\u00bb]<div class=\"w-image us_custom_f898fcff paroller-h title-about align_none\"><div class=\"w-image-h\"><img decoding=\"async\" src=\"https:\/\/omegacrmconsulting.com\/wp-content\/uploads\/2022\/04\/tebuscamos_fr.svg\" class=\"attachment-full size-full\" alt=\"Nous recherchons quelqu&#039;un comme toi\" loading=\"lazy\" \/><\/div><\/div><\/div><\/div><\/div><\/div><\/div><\/section><section class=\"l-section wpb_row us_custom_19737bc8 height_auto\"><div class=\"l-section-h i-cf\"><div class=\"g-cols vc_row via_flex valign_top type_default stacking_default\"><div class=\"vc_col-sm-12 wpb_column vc_column_container\"><div class=\"vc_column-inner\"><div class=\"wpb_wrapper\"><div class=\"g-cols wpb_row via_flex valign_top type_default stacking_default\"><div class=\"vc_col-sm-5 wpb_column vc_column_container\"><div class=\"vc_column-inner us_custom_9ab6f1f6\"><div class=\"wpb_wrapper\"><div class=\"w-text us_custom_b3a8b290 icon_atleft\"><a title=\"Talent\" href=\"https:\/\/omegacrmconsulting.com\/fr\/talent\/\" class=\"w-text-h\"><i class=\"far fa-chevron-left\"><\/i><span class=\"w-text-value\">Revenons au talent<\/span><\/a><\/div>[vc_custom_heading text=\u00a0\u00bbExplique-nous quel est ton talent.\u00a0\u00bb use_theme_fonts=\u00a0\u00bbyes\u00a0\u00bb css=\u00a0\u00bb%7B%22default%22%3A%7B%22font-size%22%3A%222.25rem%22%7D%7D\u00a0\u00bb]<div class=\"wpb_text_column us_custom_98b13db8\"><div class=\"wpb_wrapper\"><p>Si tu es l\u00e0 c\u2019est parce que tu as du talent et que tu souhaites le partager avec nous. Donne-nous ton contact et nous te joindrons.<\/p>\n<\/div><\/div><\/div><\/div><\/div><div class=\"vc_col-sm-7 wpb_column vc_column_container radius-top-bottom-left has_bg_color stretched\"><div class=\"vc_column-inner us_custom_3ef85310\"><div class=\"wpb_wrapper\"><\/div><\/div><\/div><\/div><\/div><\/div><\/div><\/div><\/div><\/section><section class=\"l-section wpb_row hide_on_tablets hide_on_mobiles height_auto width_full\"><div class=\"l-section-h i-cf\"><div class=\"g-cols vc_row via_flex valign_top type_default stacking_default\"><div class=\"vc_col-sm-12 wpb_column vc_column_container\"><div class=\"vc_column-inner\"><div class=\"wpb_wrapper\"><div class=\"w-image us_custom_b0e55ca7 paroller-vx2 align_none\"><div class=\"w-image-h\"><img decoding=\"async\" src=\"https:\/\/omegacrmconsulting.com\/wp-content\/uploads\/2022\/01\/svg-ovalcandidatura.svg\" class=\"attachment-full size-full\" alt=\"Omega CRM\" loading=\"lazy\" \/><\/div><\/div><\/div><\/div><\/div><\/div><\/div><\/section><section class=\"l-section wpb_row us_custom_ae9f278d cv-form height_large\"><div class=\"l-section-h i-cf\"><div class=\"g-cols vc_row via_flex valign_top type_default stacking_default\"><div class=\"vc_col-sm-12 wpb_column vc_column_container\"><div class=\"vc_column-inner\"><div class=\"wpb_wrapper\">\n<div class=\"wpcf7 no-js\" id=\"wpcf7-f18248-o1\" lang=\"es-ES\" dir=\"ltr\" data-wpcf7-id=\"18248\">\n<div class=\"screen-reader-response\"><p role=\"status\" aria-live=\"polite\" aria-atomic=\"true\"><\/p> <ul><\/ul><\/div>\n<form action=\"\/fr\/wp-json\/wp\/v2\/pages\/18240#wpcf7-f18248-o1\" method=\"post\" class=\"wpcf7-form init wpcf7-acceptance-as-validation\" aria-label=\"Formulario de contacto\" enctype=\"multipart\/form-data\" novalidate=\"novalidate\" data-status=\"init\">\n<fieldset class=\"hidden-fields-container\"><input type=\"hidden\" name=\"_wpcf7\" value=\"18248\" \/><input type=\"hidden\" name=\"_wpcf7_version\" value=\"6.1.6\" \/><input type=\"hidden\" name=\"_wpcf7_locale\" value=\"es_ES\" \/><input type=\"hidden\" name=\"_wpcf7_unit_tag\" value=\"wpcf7-f18248-o1\" \/><input type=\"hidden\" name=\"_wpcf7_container_post\" value=\"0\" \/><input type=\"hidden\" name=\"_wpcf7_posted_data_hash\" value=\"\" \/><input type=\"hidden\" name=\"_wpcf7dtx_version\" value=\"5.0.5\" \/><input type=\"hidden\" name=\"_wpcf7_recaptcha_response\" value=\"\" \/>\n<\/fieldset>\n<div class=\"row\">\n\t<div class=\"col-xs-6\">\n\t\t<div class=\"row\">\n\t\t\t<div class=\"col-xs-6\">\n\t\t\t\t<div class=\"form-group\">\n\t\t\t\t\t<p><label>Nom*<\/label><span class=\"wpcf7-form-control-wrap\" data-name=\"nombre\"><input size=\"40\" maxlength=\"400\" class=\"wpcf7-form-control wpcf7-text wpcf7-validates-as-required\" aria-required=\"true\" aria-invalid=\"false\" placeholder=\"Nom\" value=\"\" type=\"text\" name=\"nombre\" \/><\/span>\n\t\t\t\t\t<\/p>\n\t\t\t\t<\/div>\n\t\t\t<\/div>\n\t\t\t<div class=\"col-xs-6\">\n\t\t\t\t<div class=\"form-group\">\n\t\t\t\t\t<p><label>Nom de famille*<\/label><span class=\"wpcf7-form-control-wrap\" data-name=\"apellidos\"><input size=\"40\" maxlength=\"400\" class=\"wpcf7-form-control wpcf7-text wpcf7-validates-as-required\" aria-required=\"true\" aria-invalid=\"false\" placeholder=\"Nom de famille\" value=\"\" type=\"text\" name=\"apellidos\" \/><\/span>\n\t\t\t\t\t<\/p>\n\t\t\t\t<\/div>\n\t\t\t<\/div>\n\t\t<\/div>\n\t\t<div class=\"row\">\n\t\t\t<div class=\"col-xs-6\">\n\t\t\t\t<div class=\"form-group\">\n\t\t\t\t\t<p><label>Email*<\/label><span class=\"wpcf7-form-control-wrap\" data-name=\"email\"><input size=\"40\" maxlength=\"400\" class=\"wpcf7-form-control wpcf7-email wpcf7-validates-as-required wpcf7-text wpcf7-validates-as-email\" aria-required=\"true\" aria-invalid=\"false\" placeholder=\"Email\" value=\"\" type=\"email\" name=\"email\" \/><\/span>\n\t\t\t\t\t<\/p>\n\t\t\t\t<\/div>\n\t\t\t<\/div>\n\t\t\t<div class=\"col-xs-6\">\n\t\t\t\t<div class=\"form-group\">\n\t\t\t\t\t<p><label>T\u00e9l\u00e9phone*<\/label><span class=\"wpcf7-form-control-wrap\" data-name=\"telefono\"><input size=\"40\" maxlength=\"400\" class=\"wpcf7-form-control wpcf7-tel wpcf7-validates-as-required wpcf7-text wpcf7-validates-as-tel\" aria-required=\"true\" aria-invalid=\"false\" placeholder=\"T\u00e9l\u00e9phone\" value=\"\" type=\"tel\" name=\"telefono\" \/><\/span>\n\t\t\t\t\t<\/p>\n\t\t\t\t<\/div>\n\t\t\t<\/div>\n\t\t<\/div>\n\t\t<div class=\"row\">\n\t\t\t<div class=\"col-xs-12\">\n\t\t\t\t<div class=\"form-group\">\n\t\t\t\t\t<p><label>Fonction \/ Cat\u00e9gorie:<\/label><span class=\"wpcf7-form-control-wrap\" data-name=\"categoria\"><select class=\"wpcf7-form-control wpcf7-select\" aria-invalid=\"false\" name=\"categoria\"><option value=\"\">S\u00e9lectionner une option<\/option><option value=\"Omega Academy\">Omega Academy<\/option><option value=\"Analytics\">Analytics<\/option><option value=\"Digital Marketing\">Digital Marketing<\/option><option value=\"Ecommerce\">Ecommerce<\/option><option value=\"Human Resources\">Human Resources<\/option><option value=\"Microsoft Dynamics\">Microsoft Dynamics<\/option><option value=\"Sales\">Sales<\/option><option value=\"Salesforce\">Salesforce<\/option><option value=\"UX\">UX<\/option><option value=\"Otros\">Otros<\/option><\/select><\/span>\n\t\t\t\t\t<\/p>\n\t\t\t\t<\/div>\n\t\t\t<\/div>\n\t\t<\/div>\n\t\t<div class=\"row\">\n\t\t\t<div class=\"col-xs-12\">\n\t\t\t\t<div class=\"form-group\">\n\t\t\t\t\t<p><label>Joindre cv*<\/label><span class=\"wpcf7-form-control-wrap\" data-name=\"cv\"><input size=\"40\" class=\"wpcf7-form-control wpcf7-file wpcf7-validates-as-required\" accept=\".png,.jpg,.jpeg,.pdf,.docx,.odt\" aria-required=\"true\" aria-invalid=\"false\" type=\"file\" name=\"cv\" \/><\/span>\n\t\t\t\t\t<\/p>\n\t\t\t\t<\/div>\n\t\t\t<\/div>\n\t\t<\/div>\n\t<\/div>\n\t<div class=\"col-xs-6\">\n\t\t<div class=\"row\">\n\t\t\t<div class=\"col-xs-12\">\n\t\t\t\t<div class=\"form-group\">\n\t\t\t\t\t<p><label>Lettre de motivation:<\/label><span class=\"wpcf7-form-control-wrap\" data-name=\"mensaje\"><textarea cols=\"40\" rows=\"10\" maxlength=\"2000\" class=\"wpcf7-form-control wpcf7-textarea\" aria-invalid=\"false\" placeholder=\"\u00c9cris ta lettre de motivation...\" name=\"mensaje\"><\/textarea><\/span>\n\t\t\t\t\t<\/p>\n\t\t\t\t<\/div>\n\t\t\t<\/div>\n\t\t<\/div>\n\t<\/div>\n<\/div>\n<div class=\"row\">\n\t<div class=\"col-xs-12\">\n\t\t<div class=\"form-group\">\n\t\t\t<p><span class=\"wpcf7-form-control-wrap\" data-name=\"legal\"><span class=\"wpcf7-form-control wpcf7-acceptance\"><span class=\"wpcf7-list-item\"><label><input type=\"checkbox\" name=\"legal\" value=\"1\" aria-invalid=\"false\" \/><span class=\"wpcf7-list-item-label\">J\u2019autorise le traitement de mes donn\u00e9es personnelles pour faire partie du processus de s\u00e9lection. Le responsable du traitement des donn\u00e9es personnelles est Omega CRM Consulting, S.L. La finalit\u00e9 est : inclure l\u2019int\u00e9ress\u00e9 dans le processus de s\u00e9lection du personnel, en menant \u00e0 bien une analyse du profil du candidat dans le but de s\u00e9lectionner le meilleur candidat pour le poste vacant de Responsable. L\u00e9gitimation: Consentement. Destinataires: Aucune donn\u00e9e sera communiqu\u00e9e \u00e0 de tierces personnes. Droit: Acc\u00e9der, rectifier et supprimer les donn\u00e9es, ainsi que tous les droits expliqu\u00e9s dans l\u2019information additionnelle. Plus d\u2019infos sur: <a target=\"_blank\" rel=\"nofollow\" href=\"https:\/\/omegacrmconsulting.com\/fr\/politique-de-confidentialite\/\">politique de confidentialit\u00e9<\/a><\/span><\/label><\/span><\/span><\/span>\n\t\t\t<\/p>\n\t\t<\/div>\n\t<\/div>\n<\/div>\n<div class=\"block-submit\">\n\t<p><input class=\"wpcf7-form-control wpcf7-submit has-spinner\" id=\"form-cv\" type=\"submit\" value=\"Envoyer\" \/>\n\t<\/p>\n<\/div>\n<div class=\"row\">\n\t<div class=\"col-xs-12\">\n\t\t<div class=\"form-group\" style=\"font-size:13px; color:#c3c3c3; text-align:center\">\n\t\t\t<p>Ce site est prot\u00e9g\u00e9 par reCAPTCHA et <a href=\"https:\/\/policies.google.com\/privacy\">les r\u00e8gles de confidentialit\u00e9<\/a> et <a href=\"https:\/\/policies.google.com\/terms\">les r\u00e8gles de confidentialit\u00e9<\/a> de Google s'appliquent.\n\t\t\t<\/p>\n\t\t<\/div>\n\t<\/div>\n<\/div><input type='hidden' class='wpcf7-pum' value='{\"closepopup\":false,\"closedelay\":0,\"openpopup\":false,\"openpopup_id\":0}' \/><div class=\"wpcf7-response-output\" aria-hidden=\"true\"><\/div>\n<\/form>\n<\/div>\n<\/div><\/div><\/div><\/div><\/div><\/section><section class=\"l-section wpb_row hide_on_tablets hide_on_mobiles height_auto width_full\"><div class=\"l-section-h i-cf\"><div class=\"g-cols vc_row via_flex valign_top type_default stacking_default\"><div class=\"vc_col-sm-12 wpb_column vc_column_container\"><div class=\"vc_column-inner\"><div class=\"wpb_wrapper\"><div class=\"w-image us_custom_15ac87eb paroller-v align_none\"><div class=\"w-image-h\"><img decoding=\"async\" src=\"https:\/\/omegacrmconsulting.com\/wp-content\/uploads\/2022\/01\/svg-deco-exp.svg\" class=\"attachment-full size-full\" alt=\"Omega CRM\" loading=\"lazy\" \/><\/div><\/div><\/div><\/div><\/div><\/div><\/div><\/section>\n","protected":false},"excerpt":{"rendered":"[vc_custom_heading text=\"Nous recherchons ta candidature\" font_container=\"tag:h1|text_align:left\" use_theme_fonts=\"yes\" el_class=\"title-hidden\"]Revenons au talent[vc_custom_heading text=\"Explique-nous quel est ton talent.\" use_theme_fonts=\"yes\" css=\"%7B%22default%22%3A%7B%22font-size%22%3A%222.25rem%22%7D%7D\"]Si tu es l\u00e0 c\u2019est parce que tu as du talent et que tu souhaites le partager avec nous. Donne-nous ton contact et nous te joindrons. Nom* Nom de famille* Email* T\u00e9l\u00e9phone* Fonction \/ Cat\u00e9gorie:S\u00e9lectionner une optionOmega AcademyAnalyticsDigital MarketingEcommerceHuman...","protected":false},"author":1,"featured_media":0,"parent":0,"menu_order":0,"comment_status":"closed","ping_status":"closed","template":"","meta":{"_acf_changed":false,"inline_featured_image":false,"footnotes":""},"class_list":["post-18240","page","type-page","status-publish","hentry"],"acf":[],"yoast_head":"<!-- This site is optimized with the Yoast SEO plugin v27.6 - https:\/\/yoast.com\/product\/yoast-seo-wordpress\/ -->\n<title>Nous recherchons ta candidature | Omega CRM \u00b7 A Merkle Company<\/title>\n<meta name=\"description\" content=\"Si vous \u00eates ici, c&#039;est que vous avez du talent et que vous voulez le partager avec nous, nous vous contacterons !\" \/>\n<meta name=\"robots\" content=\"index, follow, max-snippet:-1, max-image-preview:large, max-video-preview:-1\" \/>\n<link rel=\"canonical\" href=\"https:\/\/omegacrmconsulting.com\/fr\/nous-recherchons-ta-candidature\/\" \/>\n<meta property=\"og:locale\" content=\"fr_FR\" \/>\n<meta property=\"og:type\" content=\"article\" \/>\n<meta property=\"og:title\" content=\"Nous recherchons ta candidature | Omega CRM \u00b7 A Merkle Company\" \/>\n<meta property=\"og:description\" content=\"Si vous \u00eates ici, c&#039;est que vous avez du talent et que vous voulez le partager avec nous, nous vous contacterons !\" \/>\n<meta property=\"og:url\" content=\"https:\/\/omegacrmconsulting.com\/fr\/nous-recherchons-ta-candidature\/\" \/>\n<meta property=\"og:site_name\" content=\"Omega CRM \u00b7 A Merkle Company\" \/>\n<meta property=\"article:modified_time\" content=\"2022-05-10T11:47:46+00:00\" \/>\n<meta name=\"twitter:card\" content=\"summary_large_image\" \/>\n<meta name=\"twitter:site\" content=\"@omegacrm\" \/>\n<meta name=\"twitter:label1\" content=\"Dur\u00e9e de lecture estim\u00e9e\" \/>\n\t<meta name=\"twitter:data1\" content=\"3 minutes\" \/>\n<script type=\"application\/ld+json\" class=\"yoast-schema-graph\">{\"@context\":\"https:\\\/\\\/schema.org\",\"@graph\":[{\"@type\":\"WebPage\",\"@id\":\"https:\\\/\\\/omegacrmconsulting.com\\\/fr\\\/nous-recherchons-ta-candidature\\\/\",\"url\":\"https:\\\/\\\/omegacrmconsulting.com\\\/fr\\\/nous-recherchons-ta-candidature\\\/\",\"name\":\"Nous recherchons ta candidature | Omega CRM \u00b7 A Merkle Company\",\"isPartOf\":{\"@id\":\"https:\\\/\\\/omegacrmconsulting.com\\\/fr\\\/#website\"},\"datePublished\":\"2022-01-18T14:43:03+00:00\",\"dateModified\":\"2022-05-10T11:47:46+00:00\",\"description\":\"Si vous \u00eates ici, c'est que vous avez du talent et que vous voulez le partager avec nous, nous vous contacterons !\",\"breadcrumb\":{\"@id\":\"https:\\\/\\\/omegacrmconsulting.com\\\/fr\\\/nous-recherchons-ta-candidature\\\/#breadcrumb\"},\"inLanguage\":\"fr-FR\",\"potentialAction\":[{\"@type\":\"ReadAction\",\"target\":[\"https:\\\/\\\/omegacrmconsulting.com\\\/fr\\\/nous-recherchons-ta-candidature\\\/\"]}]},{\"@type\":\"BreadcrumbList\",\"@id\":\"https:\\\/\\\/omegacrmconsulting.com\\\/fr\\\/nous-recherchons-ta-candidature\\\/#breadcrumb\",\"itemListElement\":[{\"@type\":\"ListItem\",\"position\":1,\"name\":\"Omega CRM Consulting\",\"item\":\"https:\\\/\\\/omegacrmconsulting.com\\\/\"},{\"@type\":\"ListItem\",\"position\":2,\"name\":\"Nous recherchons ta candidature\"}]},{\"@type\":\"WebSite\",\"@id\":\"https:\\\/\\\/omegacrmconsulting.com\\\/fr\\\/#website\",\"url\":\"https:\\\/\\\/omegacrmconsulting.com\\\/fr\\\/\",\"name\":\"Omega CRM \u00b7 A Merkle Company\",\"description\":\"Acelerando negocios a trav\u00e9s de la innovaci\u00f3n.\",\"publisher\":{\"@id\":\"https:\\\/\\\/omegacrmconsulting.com\\\/fr\\\/#organization\"},\"potentialAction\":[{\"@type\":\"SearchAction\",\"target\":{\"@type\":\"EntryPoint\",\"urlTemplate\":\"https:\\\/\\\/omegacrmconsulting.com\\\/fr\\\/?s={search_term_string}\"},\"query-input\":{\"@type\":\"PropertyValueSpecification\",\"valueRequired\":true,\"valueName\":\"search_term_string\"}}],\"inLanguage\":\"fr-FR\"},{\"@type\":\"Organization\",\"@id\":\"https:\\\/\\\/omegacrmconsulting.com\\\/fr\\\/#organization\",\"name\":\"Omega CRM\",\"url\":\"https:\\\/\\\/omegacrmconsulting.com\\\/fr\\\/\",\"logo\":{\"@type\":\"ImageObject\",\"inLanguage\":\"fr-FR\",\"@id\":\"https:\\\/\\\/omegacrmconsulting.com\\\/fr\\\/#\\\/schema\\\/logo\\\/image\\\/\",\"url\":\"https:\\\/\\\/omegacrmconsulting.com\\\/wp-content\\\/uploads\\\/2020\\\/08\\\/logo-omega-color.svg\",\"contentUrl\":\"https:\\\/\\\/omegacrmconsulting.com\\\/wp-content\\\/uploads\\\/2020\\\/08\\\/logo-omega-color.svg\",\"width\":\"1024\",\"height\":\"1024\",\"caption\":\"Omega CRM\"},\"image\":{\"@id\":\"https:\\\/\\\/omegacrmconsulting.com\\\/fr\\\/#\\\/schema\\\/logo\\\/image\\\/\"},\"sameAs\":[\"https:\\\/\\\/x.com\\\/omegacrm\",\"https:\\\/\\\/www.instagram.com\\\/omega_crm\\\/\",\"https:\\\/\\\/www.linkedin.com\\\/company\\\/omega-crm-consulting\",\"https:\\\/\\\/www.youtube.com\\\/user\\\/OmegaCRMconsulting\"]}]}<\/script>\n<!-- \/ Yoast SEO plugin. -->","yoast_head_json":{"title":"Nous recherchons ta candidature | Omega CRM \u00b7 A Merkle Company","description":"Si vous \u00eates ici, c'est que vous avez du talent et que vous voulez le partager avec nous, nous vous contacterons !","robots":{"index":"index","follow":"follow","max-snippet":"max-snippet:-1","max-image-preview":"max-image-preview:large","max-video-preview":"max-video-preview:-1"},"canonical":"https:\/\/omegacrmconsulting.com\/fr\/nous-recherchons-ta-candidature\/","og_locale":"fr_FR","og_type":"article","og_title":"Nous recherchons ta candidature | Omega CRM \u00b7 A Merkle Company","og_description":"Si vous \u00eates ici, c'est que vous avez du talent et que vous voulez le partager avec nous, nous vous contacterons !","og_url":"https:\/\/omegacrmconsulting.com\/fr\/nous-recherchons-ta-candidature\/","og_site_name":"Omega CRM \u00b7 A Merkle Company","article_modified_time":"2022-05-10T11:47:46+00:00","twitter_card":"summary_large_image","twitter_site":"@omegacrm","twitter_misc":{"Dur\u00e9e de lecture estim\u00e9e":"3 minutes"},"schema":{"@context":"https:\/\/schema.org","@graph":[{"@type":"WebPage","@id":"https:\/\/omegacrmconsulting.com\/fr\/nous-recherchons-ta-candidature\/","url":"https:\/\/omegacrmconsulting.com\/fr\/nous-recherchons-ta-candidature\/","name":"Nous recherchons ta candidature | Omega CRM \u00b7 A Merkle Company","isPartOf":{"@id":"https:\/\/omegacrmconsulting.com\/fr\/#website"},"datePublished":"2022-01-18T14:43:03+00:00","dateModified":"2022-05-10T11:47:46+00:00","description":"Si vous \u00eates ici, c'est que vous avez du talent et que vous voulez le partager avec nous, nous vous contacterons !","breadcrumb":{"@id":"https:\/\/omegacrmconsulting.com\/fr\/nous-recherchons-ta-candidature\/#breadcrumb"},"inLanguage":"fr-FR","potentialAction":[{"@type":"ReadAction","target":["https:\/\/omegacrmconsulting.com\/fr\/nous-recherchons-ta-candidature\/"]}]},{"@type":"BreadcrumbList","@id":"https:\/\/omegacrmconsulting.com\/fr\/nous-recherchons-ta-candidature\/#breadcrumb","itemListElement":[{"@type":"ListItem","position":1,"name":"Omega CRM Consulting","item":"https:\/\/omegacrmconsulting.com\/"},{"@type":"ListItem","position":2,"name":"Nous recherchons ta candidature"}]},{"@type":"WebSite","@id":"https:\/\/omegacrmconsulting.com\/fr\/#website","url":"https:\/\/omegacrmconsulting.com\/fr\/","name":"Omega CRM \u00b7 A Merkle Company","description":"Acelerando negocios a trav\u00e9s de la innovaci\u00f3n.","publisher":{"@id":"https:\/\/omegacrmconsulting.com\/fr\/#organization"},"potentialAction":[{"@type":"SearchAction","target":{"@type":"EntryPoint","urlTemplate":"https:\/\/omegacrmconsulting.com\/fr\/?s={search_term_string}"},"query-input":{"@type":"PropertyValueSpecification","valueRequired":true,"valueName":"search_term_string"}}],"inLanguage":"fr-FR"},{"@type":"Organization","@id":"https:\/\/omegacrmconsulting.com\/fr\/#organization","name":"Omega CRM","url":"https:\/\/omegacrmconsulting.com\/fr\/","logo":{"@type":"ImageObject","inLanguage":"fr-FR","@id":"https:\/\/omegacrmconsulting.com\/fr\/#\/schema\/logo\/image\/","url":"https:\/\/omegacrmconsulting.com\/wp-content\/uploads\/2020\/08\/logo-omega-color.svg","contentUrl":"https:\/\/omegacrmconsulting.com\/wp-content\/uploads\/2020\/08\/logo-omega-color.svg","width":"1024","height":"1024","caption":"Omega CRM"},"image":{"@id":"https:\/\/omegacrmconsulting.com\/fr\/#\/schema\/logo\/image\/"},"sameAs":["https:\/\/x.com\/omegacrm","https:\/\/www.instagram.com\/omega_crm\/","https:\/\/www.linkedin.com\/company\/omega-crm-consulting","https:\/\/www.youtube.com\/user\/OmegaCRMconsulting"]}]}},"_links":{"self":[{"href":"https:\/\/omegacrmconsulting.com\/fr\/wp-json\/wp\/v2\/pages\/18240","targetHints":{"allow":["GET"]}}],"collection":[{"href":"https:\/\/omegacrmconsulting.com\/fr\/wp-json\/wp\/v2\/pages"}],"about":[{"href":"https:\/\/omegacrmconsulting.com\/fr\/wp-json\/wp\/v2\/types\/page"}],"author":[{"embeddable":true,"href":"https:\/\/omegacrmconsulting.com\/fr\/wp-json\/wp\/v2\/users\/1"}],"replies":[{"embeddable":true,"href":"https:\/\/omegacrmconsulting.com\/fr\/wp-json\/wp\/v2\/comments?post=18240"}],"version-history":[{"count":7,"href":"https:\/\/omegacrmconsulting.com\/fr\/wp-json\/wp\/v2\/pages\/18240\/revisions"}],"predecessor-version":[{"id":18760,"href":"https:\/\/omegacrmconsulting.com\/fr\/wp-json\/wp\/v2\/pages\/18240\/revisions\/18760"}],"wp:attachment":[{"href":"https:\/\/omegacrmconsulting.com\/fr\/wp-json\/wp\/v2\/media?parent=18240"}],"curies":[{"name":"wp","href":"https:\/\/api.w.org\/{rel}","templated":true}]}}