{"id":22264,"date":"2022-12-02T10:39:33","date_gmt":"2022-12-02T08:39:33","guid":{"rendered":"https:\/\/omegacrmconsulting.com\/?page_id=22264"},"modified":"2023-01-09T10:46:27","modified_gmt":"2023-01-09T08:46:27","slug":"positionnement-seo","status":"publish","type":"page","link":"https:\/\/omegacrmconsulting.com\/fr\/services\/positionnement-seo\/","title":{"rendered":"Positionnement SEO"},"content":{"rendered":"<section class=\"l-section wpb_row us_custom_66269b9f header-filter height_huge\"><div class=\"l-section-h i-cf\"><div class=\"g-cols vc_row via_flex valign_middle type_default stacking_default\"><div class=\"vc_col-sm-12 wpb_column vc_column_container\"><div class=\"vc_column-inner\"><div class=\"wpb_wrapper\">[vc_custom_heading text=\u00a0\u00bbPositionnement SEO\u00a0\u00bb font_container=\u00a0\u00bbtag:h1|text_align:left\u00a0\u00bb use_theme_fonts=\u00a0\u00bbyes\u00a0\u00bb css=\u00a0\u00bb%7B%22default%22%3A%7B%22max-width%22%3A%22435px%22%7D%7D\u00a0\u00bb]<div class=\"wpb_text_column us_custom_a6d9f5b5 hide_on_tablets hide_on_mobiles\"><div class=\"wpb_wrapper\"><p>Le <strong>positionnement SEO<\/strong> ou <b> optimisation organique des moteurs de recherche <\/b> comprend une s\u00e9rie de techniques et de strat\u00e9gies dont l&rsquo;objectif est d&rsquo;accro\u00eetre la visibilit\u00e9 d&rsquo;un site web dans les r\u00e9sultats des moteurs de recherche (<abbr lang=\"en\" title=\"Search Engine Result Pages\">SERPs<\/abbr>).<\/p>\n<\/div><\/div><\/div><\/div><\/div><\/div><\/div><\/section><section class=\"l-section wpb_row hide_on_default hide_on_laptops height_small\"><div class=\"l-section-h i-cf\"><div class=\"g-cols vc_row via_flex valign_top type_default stacking_default\"><div class=\"vc_col-sm-12 wpb_column vc_column_container\"><div class=\"vc_column-inner\"><div class=\"wpb_wrapper\"><div class=\"wpb_text_column\"><div class=\"wpb_wrapper\"><p>Le <strong>positionnement SEO<\/strong> ou <b> optimisation organique des moteurs de recherche <\/b> comprend une s\u00e9rie de techniques et de strat\u00e9gies dont l&rsquo;objectif est d&rsquo;accro\u00eetre la visibilit\u00e9 d&rsquo;un site web dans les r\u00e9sultats des moteurs de recherche (<abbr lang=\"en\" title=\"Search Engine Result Pages\">SERPs<\/abbr>).<\/p>\n<\/div><\/div><\/div><\/div><\/div><\/div><\/div><\/section><section class=\"l-section wpb_row us_custom_a5c34a4e filter hide_on_tablets hide_on_mobiles height_auto\"><div class=\"l-section-h i-cf\"><div class=\"g-cols vc_row via_flex valign_middle type_default stacking_default\"><div class=\"vc_col-sm-12 wpb_column vc_column_container\"><div class=\"vc_column-inner\"><div class=\"wpb_wrapper\"><div class=\"w-text us_custom_a24f2c44 link-scroll has_text_color hide_on_tablets hide_on_mobiles icon_atleft\"><a href=\"#scroll\" class=\"w-text-h\"><i class=\"fal fa-chevron-left\"><\/i><span class=\"w-text-value\">Scroll<\/span><\/a><\/div><\/div><\/div><\/div><\/div><\/div><\/section><section class=\"l-section wpb_row height_large\" id=\"scroll\"><div class=\"l-section-h i-cf\"><div class=\"g-cols vc_row via_flex valign_top type_default stacking_default\"><div class=\"vc_col-sm-12 wpb_column vc_column_container\"><div class=\"vc_column-inner\"><div class=\"wpb_wrapper\"><div class=\"wpb_text_column\"><div class=\"wpb_wrapper\"><h2><strong>Qu&rsquo;est-ce que le positionnement SEO ?<\/strong><\/h2>\n<\/div><\/div><div class=\"wpb_text_column\"><div class=\"wpb_wrapper\"><p>Le <strong>positionnement <abbr lang=\"en\" title=\"Search Engine Optimization)\">SEO<\/abbr><\/strong> comprend une s\u00e9rie de techniques dont l&rsquo;objectif est d&rsquo;augmenter la visibilit\u00e9 d&rsquo;un site web dans les moteurs de recherche ou, en d&rsquo;autres termes, d&rsquo;am\u00e9liorer le positionnement naturel ou organique dans les r\u00e9sultats de recherche des diff\u00e9rents moteurs de recherche, en particulier Google, car il d\u00e9tient la plus grande part de march\u00e9. <strong>Comment am\u00e9liorer le SEO de mon site web <\/strong>est l&rsquo;un des doutes les plus fr\u00e9quents parmi ceux qui souhaitent augmenter leur trafic et leurs ventes, car le trafic organique est souvent l&rsquo;une des principales sources de trafic pour les sites web.<\/p>\n<p>Le <em>SEO<\/em> est divis\u00e9 en 3 domaines principaux :<\/p>\n<ul>\n<li><strong>Technique SEO<\/strong> : sa mission est de corriger et d&rsquo;am\u00e9liorer les aspects techniques du site web qui l&#8217;emp\u00eachent d&rsquo;\u00eatre index\u00e9 correctement et donc d&rsquo;atteindre le positionnement souhait\u00e9.<\/li>\n<li><strong>Onpage SEO<\/strong> : il est charg\u00e9 de travailler sur tous les \u00e9l\u00e9ments onsite du site web : contenus, balises, liens internes, etc. Une bonne r\u00e9daction pour le r\u00e9f\u00e9rencement bas\u00e9e sur la recherche de mots cl\u00e9s est essentielle pour pouvoir se classer pour les mots cl\u00e9s les plus pertinents pour notre activit\u00e9.<\/li>\n<li><strong>Off-page SEO<\/strong> : il s&rsquo;agit d&rsquo;augmenter l&rsquo;autorit\u00e9 du site web par la construction de liens externes. Il est \u00e9galement essentiel d&rsquo;am\u00e9liorer le positionnement. Omega veille \u00e0 ce que votre site web dispose d&rsquo;un profil de liens vari\u00e9s, naturels et progressifs.<\/li>\n<\/ul>\n<p>Omega CRM n&rsquo;offre pas seulement des services de positionnement web, nous avons une \u00e9quipe multidisciplinaire qui nous permet d&rsquo;offrir des strat\u00e9gies \u00e0 360\u00b0 pour de meilleurs r\u00e9sultats.<\/p>\n<\/div><\/div><\/div><\/div><\/div><\/div><\/div><\/section><section class=\"l-section wpb_row us_custom_2409e726 height_auto\"><div class=\"l-section-h i-cf\"><div class=\"g-cols vc_row via_flex valign_top type_default stacking_default\"><div class=\"vc_col-sm-6 wpb_column vc_column_container radius-bottom-right has_bg_color stretched\"><div class=\"vc_column-inner us_custom_9bd32376\"><div class=\"wpb_wrapper\"><\/div><\/div><\/div><div class=\"vc_col-sm-6 wpb_column vc_column_container\"><div class=\"vc_column-inner us_custom_9d1e26d6\"><div class=\"wpb_wrapper\"><div class=\"g-cols wpb_row us_custom_b7d85a2c via_flex valign_top type_default stacking_default\"><div class=\"vc_col-sm-12 wpb_column vc_column_container\"><div class=\"vc_column-inner us_custom_0a209565 us_animate_this\"><div class=\"wpb_wrapper\"><div class=\"w-image us_custom_e3e08dd7 paroller-v hidden-mobile align_right\"><div class=\"w-image-h\"><img decoding=\"async\" src=\"https:\/\/omegacrmconsulting.com\/wp-content\/uploads\/2021\/06\/svg-cuadradorsc.svg\" class=\"attachment-full size-full\" alt=\"\" loading=\"lazy\" \/><\/div><\/div>[vc_custom_heading text=\u00a0\u00bbSEO et design web\u00a0\u00bb font_container=\u00a0\u00bbtag:h3|text_align:left\u00a0\u00bb use_theme_fonts=\u00a0\u00bbyes\u00a0\u00bb css=\u00a0\u00bb%7B%22default%22%3A%7B%22font-size%22%3A%222.25rem%22%2C%22line-height%22%3A%221.2%22%2C%22margin-bottom%22%3A%222rem%22%7D%2C%22laptops%22%3A%7B%22margin-bottom%22%3A%222rem%22%7D%2C%22tablets%22%3A%7B%22margin-bottom%22%3A%222rem%22%7D%2C%22mobiles%22%3A%7B%22margin-bottom%22%3A%222rem%22%7D%7D\u00a0\u00bb]<div class=\"w-vwrapper align_none valign_top us_custom_787d3643\" style=\"--vwrapper-gap:0.7rem\"><div class=\"wpb_text_column\"><div class=\"wpb_wrapper\"><p>Si vous envisagez de cr\u00e9er un nouveau site web, il est important que les crit\u00e8res de SEO soient pris en compte lors du processus de conception. Ainsi, votre site web sera pr\u00eat \u00e0 recevoir davantage de trafic organique et sera le plus pertinent possible pour votre activit\u00e9.<\/p>\n<p>Omega dispose d&rsquo;\u00e9quipes <abbr lang=\"en\" title=\"User eXperience\">UX<\/abbr>, <abbr lang=\"en\" title=\"User Interface\">UI<\/abbr> et SEO qui travaillent ensemble pour vous offrir la meilleure solution.<\/p>\n<\/div><\/div><\/div><\/div><\/div><\/div><\/div><\/div><\/div><\/div><\/div><\/div><\/section><section class=\"l-section wpb_row height_large\" id=\"scroll\"><div class=\"l-section-h i-cf\"><div class=\"g-cols vc_row via_flex valign_top type_default stacking_default\"><div class=\"vc_col-sm-12 wpb_column vc_column_container\"><div class=\"vc_column-inner\"><div class=\"wpb_wrapper\"><div class=\"wpb_text_column\"><div class=\"wpb_wrapper\"><h2>Notre processus de travail<\/h2>\n<\/div><\/div><div class=\"wpb_text_column\"><div class=\"wpb_wrapper\"><h3><strong>Audit de SEO<\/strong><\/h3>\n<p>Nous commen\u00e7ons par un audit du site web afin de d\u00e9tecter les \u00e9ventuels probl\u00e8mes de SEO, ainsi que les opportunit\u00e9s qui permettent au site d&rsquo;atteindre son plein potentiel.<\/p>\n<h3><strong>Strat\u00e9gie de SEO<\/strong><\/h3>\n<p>Une fois le site web analys\u00e9, il est temps de d\u00e9finir la strat\u00e9gie, en \u00e9tablissant des priorit\u00e9s et en fixant des objectifs sp\u00e9cifiques. \u00c0 cette fin, une analyse de la concurrence sera \u00e9galement effectu\u00e9e.<\/p>\n<h3><strong>Mise en \u0153uvre de SEO<\/strong><\/h3>\n<p>Nous \u00e9tablissons une feuille de route des actions de mise en \u0153uvre en fonction des priorit\u00e9s et mettons en place des r\u00e9unions de suivi avec le client afin qu&rsquo;il soit au courant de l&rsquo;avancement du projet.<\/p>\n<\/div><\/div><\/div><\/div><\/div><\/div><\/div><\/section><section class=\"l-section wpb_row us_custom_2409e726 height_auto\"><div class=\"l-section-h i-cf\"><div class=\"g-cols vc_row via_flex valign_top type_default reversed stacking_default\"><div class=\"vc_col-sm-6 wpb_column vc_column_container\"><div class=\"vc_column-inner us_custom_9d1e26d6\"><div class=\"wpb_wrapper\"><div class=\"g-cols wpb_row us_custom_98526768 via_flex valign_top type_default stacking_default\"><div class=\"vc_col-sm-12 wpb_column vc_column_container\"><div class=\"vc_column-inner us_custom_0a209565 us_animate_this\"><div class=\"wpb_wrapper\">[vc_custom_heading text=\u00a0\u00bbServices de SEO\u00a0\u00bb font_container=\u00a0\u00bbtag:h3|text_align:left\u00a0\u00bb use_theme_fonts=\u00a0\u00bbyes\u00a0\u00bb css=\u00a0\u00bb%7B%22default%22%3A%7B%22font-size%22%3A%222.25rem%22%2C%22line-height%22%3A%221.2%22%2C%22margin-bottom%22%3A%222rem%22%7D%2C%22laptops%22%3A%7B%22margin-bottom%22%3A%222rem%22%7D%2C%22tablets%22%3A%7B%22margin-bottom%22%3A%222rem%22%7D%2C%22mobiles%22%3A%7B%22margin-bottom%22%3A%222rem%22%7D%7D\u00a0\u00bb]<div class=\"w-vwrapper align_none valign_top us_custom_787d3643\" style=\"--vwrapper-gap:0.7rem\"><div class=\"wpb_text_column\"><div class=\"wpb_wrapper\"><p>Au sein du <em>positionnement SEO<\/em> il existe diff\u00e9rents besoins qui peuvent \u00eatre traduits en diff\u00e9rents services :<\/p>\n<ul>\n<li><strong>Audit de SEO<\/strong> : comme mentionn\u00e9 ci-dessus, devrait toujours \u00eatre la premi\u00e8re \u00e9tape.<\/li>\n<li><strong>Linkbuilding<\/strong> : nous cr\u00e9ons des liens de qualit\u00e9 vers votre site web afin d&rsquo;am\u00e9liorer votre classement dans les moteurs de recherche.<\/li>\n<li><strong>Conseil en SEO<\/strong>: nous disposons d&rsquo;\u00e9quipes sp\u00e9cialis\u00e9es dans le SEO pour vous conseiller.<\/li>\n<li><strong>Migrations de SEO<\/strong>: nous faisons correspondre les URL existantes de votre site web actuel avec celles du nouveau site web pour \u00e9viter de perdre le positionnement organique.<\/li>\n<li><strong>SEO technique<\/strong> : nous r\u00e9solvons les probl\u00e8mes qui affectent l&rsquo;indexation correcte de votre site et nous travaillons \u00e0 am\u00e9liorer l&rsquo;architecture web et \u00e0 faire en sorte que, dans la mesure du possible, le site contienne toujours des friendly URLs.<\/li>\n<li><strong>SEO local<\/strong> : te ayudamos a conseguir clientes dentro de tu \u00e1rea local.<\/li>\n<\/ul>\n<p>Si vous avez besoin de conseils, <a href=\"https:\/\/omegacrmconsulting.com\/contacto\/\">contactez-nous !<\/a><\/p>\n<\/div><\/div><\/div><\/div><\/div><\/div><\/div><\/div><\/div><\/div><div class=\"vc_col-sm-6 wpb_column vc_column_container radius-bottom-right has_bg_color stretched\"><div class=\"vc_column-inner us_custom_1eb82241\"><div class=\"wpb_wrapper\"><\/div><\/div><\/div><\/div><\/div><\/section><style data-type=\"us_custom-css\">.bg-contact img{max-width:827px}<\/style><section class=\"l-section wpb_row us_custom_9b9d34eb has_text_color height_huge width_full\"><div class=\"l-section-h i-cf\"><div class=\"g-cols vc_row via_flex valign_top type_default stacking_default\"><div class=\"vc_col-sm-12 wpb_column vc_column_container\"><div class=\"vc_column-inner\"><div class=\"wpb_wrapper\"><div class=\"w-image us_custom_086c1653 bg-contact paroller-h hide_on_tablets hide_on_mobiles align_right\"><div class=\"w-image-h\"><img decoding=\"async\" src=\"https:\/\/omegacrmconsulting.com\/wp-content\/uploads\/2022\/01\/contactar_fr.svg\" class=\"attachment-full size-full\" alt=\"Contact\" loading=\"lazy\" \/><\/div><\/div><div class=\"g-cols wpb_row us_custom_99ce0047 via_flex valign_middle type_default stacking_default\"><div class=\"vc_col-sm-6 wpb_column vc_column_container\"><div class=\"vc_column-inner\"><div class=\"wpb_wrapper\">[vc_custom_heading text=\u00a0\u00bbSi tu as des questions ou souhaites nous dire quelque chose, dites-le nous!\u00a0\u00bb use_theme_fonts=\u00a0\u00bbyes\u00a0\u00bb css=\u00a0\u00bb%7B%22default%22%3A%7B%22font-size%22%3A%222.05rem%22%7D%7D\u00a0\u00bb]<\/div><\/div><\/div><div class=\"vc_col-sm-6 wpb_column vc_column_container\"><div class=\"vc_column-inner\"><div class=\"wpb_wrapper\"><div class=\"w-text us_custom_8c2a34d7 btn-omega white has_text_color icon_atleft\"><a title=\"Contact\" href=\"https:\/\/omegacrmconsulting.com\/fr\/contact\/\" class=\"w-text-h\"><i class=\"fal fa-arrow-right\"><\/i><span class=\"w-text-value\">Contacter<\/span><\/a><\/div><\/div><\/div><\/div><\/div><\/div><\/div><\/div><\/div><\/div><\/section>\n\n","protected":false},"excerpt":{"rendered":"[vc_custom_heading text=\"Positionnement SEO\" font_container=\"tag:h1|text_align:left\" use_theme_fonts=\"yes\" css=\"%7B%22default%22%3A%7B%22max-width%22%3A%22435px%22%7D%7D\"]Le positionnement SEO ou optimisation organique des moteurs de recherche comprend une s\u00e9rie de techniques et de strat\u00e9gies dont l&rsquo;objectif est d&rsquo;accro\u00eetre la visibilit\u00e9 d&rsquo;un site web dans les r\u00e9sultats des moteurs de recherche (SERPs). Le positionnement SEO ou optimisation organique des moteurs de recherche comprend une s\u00e9rie de techniques...","protected":false},"author":1,"featured_media":0,"parent":18118,"menu_order":0,"comment_status":"closed","ping_status":"closed","template":"","meta":{"_acf_changed":false,"inline_featured_image":false,"footnotes":""},"class_list":["post-22264","page","type-page","status-publish","hentry"],"acf":[],"yoast_head":"<!-- This site is optimized with the Yoast SEO plugin v27.6 - https:\/\/yoast.com\/product\/yoast-seo-wordpress\/ -->\n<title>Positionnement SEO | Omega CRM \u00b7 A Merkle Company<\/title>\n<meta name=\"robots\" content=\"index, follow, max-snippet:-1, max-image-preview:large, max-video-preview:-1\" \/>\n<link rel=\"canonical\" href=\"https:\/\/omegacrmconsulting.com\/fr\/services\/positionnement-seo\/\" \/>\n<meta property=\"og:locale\" content=\"fr_FR\" \/>\n<meta property=\"og:type\" content=\"article\" \/>\n<meta property=\"og:title\" content=\"Positionnement SEO | Omega CRM \u00b7 A Merkle Company\" \/>\n<meta property=\"og:url\" content=\"https:\/\/omegacrmconsulting.com\/fr\/services\/positionnement-seo\/\" \/>\n<meta property=\"og:site_name\" content=\"Omega CRM \u00b7 A Merkle Company\" \/>\n<meta property=\"article:modified_time\" content=\"2023-01-09T08:46:27+00:00\" \/>\n<meta name=\"twitter:card\" content=\"summary_large_image\" \/>\n<meta name=\"twitter:site\" content=\"@omegacrm\" \/>\n<meta name=\"twitter:label1\" content=\"Dur\u00e9e de lecture estim\u00e9e\" \/>\n\t<meta name=\"twitter:data1\" content=\"9 minutes\" \/>\n<script type=\"application\/ld+json\" class=\"yoast-schema-graph\">{\"@context\":\"https:\\\/\\\/schema.org\",\"@graph\":[{\"@type\":\"WebPage\",\"@id\":\"https:\\\/\\\/omegacrmconsulting.com\\\/fr\\\/services\\\/positionnement-seo\\\/\",\"url\":\"https:\\\/\\\/omegacrmconsulting.com\\\/fr\\\/services\\\/positionnement-seo\\\/\",\"name\":\"Positionnement SEO | Omega CRM \u00b7 A Merkle Company\",\"isPartOf\":{\"@id\":\"https:\\\/\\\/omegacrmconsulting.com\\\/fr\\\/#website\"},\"datePublished\":\"2022-12-02T08:39:33+00:00\",\"dateModified\":\"2023-01-09T08:46:27+00:00\",\"breadcrumb\":{\"@id\":\"https:\\\/\\\/omegacrmconsulting.com\\\/fr\\\/services\\\/positionnement-seo\\\/#breadcrumb\"},\"inLanguage\":\"fr-FR\",\"potentialAction\":[{\"@type\":\"ReadAction\",\"target\":[\"https:\\\/\\\/omegacrmconsulting.com\\\/fr\\\/services\\\/positionnement-seo\\\/\"]}]},{\"@type\":\"BreadcrumbList\",\"@id\":\"https:\\\/\\\/omegacrmconsulting.com\\\/fr\\\/services\\\/positionnement-seo\\\/#breadcrumb\",\"itemListElement\":[{\"@type\":\"ListItem\",\"position\":1,\"name\":\"Omega CRM Consulting\",\"item\":\"https:\\\/\\\/omegacrmconsulting.com\\\/\"},{\"@type\":\"ListItem\",\"position\":2,\"name\":\"Services\",\"item\":\"https:\\\/\\\/omegacrmconsulting.com\\\/fr\\\/services\\\/\"},{\"@type\":\"ListItem\",\"position\":3,\"name\":\"Positionnement SEO\"}]},{\"@type\":\"WebSite\",\"@id\":\"https:\\\/\\\/omegacrmconsulting.com\\\/fr\\\/#website\",\"url\":\"https:\\\/\\\/omegacrmconsulting.com\\\/fr\\\/\",\"name\":\"Omega CRM \u00b7 A Merkle Company\",\"description\":\"Acelerando negocios a trav\u00e9s de la innovaci\u00f3n.\",\"publisher\":{\"@id\":\"https:\\\/\\\/omegacrmconsulting.com\\\/fr\\\/#organization\"},\"potentialAction\":[{\"@type\":\"SearchAction\",\"target\":{\"@type\":\"EntryPoint\",\"urlTemplate\":\"https:\\\/\\\/omegacrmconsulting.com\\\/fr\\\/?s={search_term_string}\"},\"query-input\":{\"@type\":\"PropertyValueSpecification\",\"valueRequired\":true,\"valueName\":\"search_term_string\"}}],\"inLanguage\":\"fr-FR\"},{\"@type\":\"Organization\",\"@id\":\"https:\\\/\\\/omegacrmconsulting.com\\\/fr\\\/#organization\",\"name\":\"Omega CRM\",\"url\":\"https:\\\/\\\/omegacrmconsulting.com\\\/fr\\\/\",\"logo\":{\"@type\":\"ImageObject\",\"inLanguage\":\"fr-FR\",\"@id\":\"https:\\\/\\\/omegacrmconsulting.com\\\/fr\\\/#\\\/schema\\\/logo\\\/image\\\/\",\"url\":\"https:\\\/\\\/omegacrmconsulting.com\\\/wp-content\\\/uploads\\\/2020\\\/08\\\/logo-omega-color.svg\",\"contentUrl\":\"https:\\\/\\\/omegacrmconsulting.com\\\/wp-content\\\/uploads\\\/2020\\\/08\\\/logo-omega-color.svg\",\"width\":\"1024\",\"height\":\"1024\",\"caption\":\"Omega CRM\"},\"image\":{\"@id\":\"https:\\\/\\\/omegacrmconsulting.com\\\/fr\\\/#\\\/schema\\\/logo\\\/image\\\/\"},\"sameAs\":[\"https:\\\/\\\/x.com\\\/omegacrm\",\"https:\\\/\\\/www.instagram.com\\\/omega_crm\\\/\",\"https:\\\/\\\/www.linkedin.com\\\/company\\\/omega-crm-consulting\",\"https:\\\/\\\/www.youtube.com\\\/user\\\/OmegaCRMconsulting\"]}]}<\/script>\n<!-- \/ Yoast SEO plugin. -->","yoast_head_json":{"title":"Positionnement SEO | Omega CRM \u00b7 A Merkle Company","robots":{"index":"index","follow":"follow","max-snippet":"max-snippet:-1","max-image-preview":"max-image-preview:large","max-video-preview":"max-video-preview:-1"},"canonical":"https:\/\/omegacrmconsulting.com\/fr\/services\/positionnement-seo\/","og_locale":"fr_FR","og_type":"article","og_title":"Positionnement SEO | Omega CRM \u00b7 A Merkle Company","og_url":"https:\/\/omegacrmconsulting.com\/fr\/services\/positionnement-seo\/","og_site_name":"Omega CRM \u00b7 A Merkle Company","article_modified_time":"2023-01-09T08:46:27+00:00","twitter_card":"summary_large_image","twitter_site":"@omegacrm","twitter_misc":{"Dur\u00e9e de lecture estim\u00e9e":"9 minutes"},"schema":{"@context":"https:\/\/schema.org","@graph":[{"@type":"WebPage","@id":"https:\/\/omegacrmconsulting.com\/fr\/services\/positionnement-seo\/","url":"https:\/\/omegacrmconsulting.com\/fr\/services\/positionnement-seo\/","name":"Positionnement SEO | Omega CRM \u00b7 A Merkle Company","isPartOf":{"@id":"https:\/\/omegacrmconsulting.com\/fr\/#website"},"datePublished":"2022-12-02T08:39:33+00:00","dateModified":"2023-01-09T08:46:27+00:00","breadcrumb":{"@id":"https:\/\/omegacrmconsulting.com\/fr\/services\/positionnement-seo\/#breadcrumb"},"inLanguage":"fr-FR","potentialAction":[{"@type":"ReadAction","target":["https:\/\/omegacrmconsulting.com\/fr\/services\/positionnement-seo\/"]}]},{"@type":"BreadcrumbList","@id":"https:\/\/omegacrmconsulting.com\/fr\/services\/positionnement-seo\/#breadcrumb","itemListElement":[{"@type":"ListItem","position":1,"name":"Omega CRM Consulting","item":"https:\/\/omegacrmconsulting.com\/"},{"@type":"ListItem","position":2,"name":"Services","item":"https:\/\/omegacrmconsulting.com\/fr\/services\/"},{"@type":"ListItem","position":3,"name":"Positionnement SEO"}]},{"@type":"WebSite","@id":"https:\/\/omegacrmconsulting.com\/fr\/#website","url":"https:\/\/omegacrmconsulting.com\/fr\/","name":"Omega CRM \u00b7 A Merkle Company","description":"Acelerando negocios a trav\u00e9s de la innovaci\u00f3n.","publisher":{"@id":"https:\/\/omegacrmconsulting.com\/fr\/#organization"},"potentialAction":[{"@type":"SearchAction","target":{"@type":"EntryPoint","urlTemplate":"https:\/\/omegacrmconsulting.com\/fr\/?s={search_term_string}"},"query-input":{"@type":"PropertyValueSpecification","valueRequired":true,"valueName":"search_term_string"}}],"inLanguage":"fr-FR"},{"@type":"Organization","@id":"https:\/\/omegacrmconsulting.com\/fr\/#organization","name":"Omega CRM","url":"https:\/\/omegacrmconsulting.com\/fr\/","logo":{"@type":"ImageObject","inLanguage":"fr-FR","@id":"https:\/\/omegacrmconsulting.com\/fr\/#\/schema\/logo\/image\/","url":"https:\/\/omegacrmconsulting.com\/wp-content\/uploads\/2020\/08\/logo-omega-color.svg","contentUrl":"https:\/\/omegacrmconsulting.com\/wp-content\/uploads\/2020\/08\/logo-omega-color.svg","width":"1024","height":"1024","caption":"Omega CRM"},"image":{"@id":"https:\/\/omegacrmconsulting.com\/fr\/#\/schema\/logo\/image\/"},"sameAs":["https:\/\/x.com\/omegacrm","https:\/\/www.instagram.com\/omega_crm\/","https:\/\/www.linkedin.com\/company\/omega-crm-consulting","https:\/\/www.youtube.com\/user\/OmegaCRMconsulting"]}]}},"_links":{"self":[{"href":"https:\/\/omegacrmconsulting.com\/fr\/wp-json\/wp\/v2\/pages\/22264","targetHints":{"allow":["GET"]}}],"collection":[{"href":"https:\/\/omegacrmconsulting.com\/fr\/wp-json\/wp\/v2\/pages"}],"about":[{"href":"https:\/\/omegacrmconsulting.com\/fr\/wp-json\/wp\/v2\/types\/page"}],"author":[{"embeddable":true,"href":"https:\/\/omegacrmconsulting.com\/fr\/wp-json\/wp\/v2\/users\/1"}],"replies":[{"embeddable":true,"href":"https:\/\/omegacrmconsulting.com\/fr\/wp-json\/wp\/v2\/comments?post=22264"}],"version-history":[{"count":3,"href":"https:\/\/omegacrmconsulting.com\/fr\/wp-json\/wp\/v2\/pages\/22264\/revisions"}],"predecessor-version":[{"id":22296,"href":"https:\/\/omegacrmconsulting.com\/fr\/wp-json\/wp\/v2\/pages\/22264\/revisions\/22296"}],"up":[{"embeddable":true,"href":"https:\/\/omegacrmconsulting.com\/fr\/wp-json\/wp\/v2\/pages\/18118"}],"wp:attachment":[{"href":"https:\/\/omegacrmconsulting.com\/fr\/wp-json\/wp\/v2\/media?parent=22264"}],"curies":[{"name":"wp","href":"https:\/\/api.w.org\/{rel}","templated":true}]}}